{"id":2675,"date":"2024-09-18T12:19:54","date_gmt":"2024-09-18T09:19:54","guid":{"rendered":"https:\/\/thermoarena.com\/?page_id=2675"},"modified":"2024-09-18T12:19:54","modified_gmt":"2024-09-18T09:19:54","slug":"toojoupoliitika","status":"publish","type":"page","link":"https:\/\/thermoarena.com\/et\/toojoupoliitika\/","title":{"rendered":"O\u00dc Thermoarena t\u00f6\u00f6j\u00f5upoliitika"},"content":{"rendered":"<p>Koosk\u00f5las Eesti Vabariigi \u00f5igusaktidega kehtib O\u00dc Thermoarena\u2019s t\u00f6\u00f6j\u00f5upoliitika, mis rakendab FSC t\u00f6\u00f6j\u00f5u p\u00f5hin\u00f5udeid j\u00e4rgmiselt:<\/p>\n<p><strong>Lapst\u00f6\u00f6j\u00f5u kasutamine<\/strong><\/p>\n<ul>\n<li>Ettev\u00f5te ei kasuta lapst\u00f6\u00f6j\u00f5udu.<\/li>\n<li>Ettev\u00f5te ei v\u00f5ta t\u00f6\u00f6le t\u00f6\u00f6tajaid, kes on nooremad kui 15-aastased.<\/li>\n<li>T\u00f6\u00f6taja, kes on alla 18 aastane, ei tee ohtlikku v\u00f5i rasket t\u00f6\u00f6d, v\u00e4lja arvatud koolituste puhul, mis on vastavuses kehtivate seaduste ja regulatsioonidega.<\/li>\n<\/ul>\n<p><strong>Sunniviisiline ja kohustuslik t\u00f6\u00f6<\/strong><\/p>\n<ul>\n<li>Ettev\u00f5te v\u00e4listab igasuguse sunniviisilise ja kohustusliku t\u00f6\u00f6. T\u00f6\u00f6suhted on vabatahtlikud ja p\u00f5hinevad vastastikusel n\u00f5usolekul. Puuduvad t\u00f5endid sunniviisilisele v\u00f5i kohustuslikule t\u00f6\u00f6le viitava tegevuse kohta, sealhulgas:\n<ul>\n<li>F\u00fc\u00fcsilisest ja seksuaalsest v\u00e4givallast<\/li>\n<li>V\u00f5laorjusest<\/li>\n<li>T\u00f6\u00f6tasu kinnipidamisest, sealhulgas t\u00f6\u00f6lev\u00f5tmise eest tasu v\u00f5tmisest ja\/v\u00f5i t\u00f6\u00f6le asumise tingimusena tagatisraha n\u00f5udmisest<\/li>\n<li>Liikumise\/mujale asumise piiramisest<\/li>\n<li>Passi ja isikut t\u00f5endavate dokumentide \u00e4rav\u00f5tmisest<\/li>\n<li>Ametiasutustele kaebamisega \u00e4hvardamisest<\/li>\n<\/ul>\n<\/li>\n<\/ul>\n<p><strong>Diskrimineerimine t\u00f6\u00f6h\u00f5ives ja ametis<\/strong><\/p>\n<ul>\n<li>Ettev\u00f5tte v\u00e4rbamise ja ametikohal t\u00f6\u00f6tamise praktikad ei ole diskrimineerivad.<\/li>\n<\/ul>\n<p><strong>Vabadus organisatsioonide loomiseks ning \u00f5igus kollektiivl\u00e4bir\u00e4\u00e4kimistele<\/strong><\/p>\n<ul>\n<li>T\u00f6\u00f6tajatel on v\u00f5imalus oma \u00e4ran\u00e4gemisel luua t\u00f6\u00f6tajate organisatsioone v\u00f5i nendega \u00fchineda.<\/li>\n<li>T\u00f6\u00f6tajate organisatsioonidel on t\u00e4ielik vabadust koostada oma p\u00f5hikiri ja kodukord.<\/li>\n<li>T\u00f6\u00f6tajatel on \u00f5igus seaduslikule tegevusele t\u00f6\u00f6tajate organisatsiooni asutamiseks, sellesse astumiseks v\u00f5i selle abistamiseks, samuti \u00f5igus hoiduda sellisest tegevusest; ettev\u00f5te ei diskrimineeri ega karista t\u00f6\u00f6tajaid nende \u00f5iguste teostamise eest.<\/li>\n<li>Ettev\u00f5te peab seaduslikult asutatud t\u00f6\u00f6tajate organisatsioonide ja\/v\u00f5i nende n\u00f5uetekohaselt valitud esindajatega heas usus ja parimate kavatsustega l\u00e4bir\u00e4\u00e4kimisi kollektiivlepingu s\u00f5lmimiseks.<\/li>\n<li>Olemasolevaid kollektiivlepinguid rakendatakse.<\/li>\n<\/ul>\n<p>O\u00dc Thermoarena tootmis\u00fcksuse tegevuskoht: Farmi tee 5, Koigi k\u00fcla, 72501 J\u00e4rvamaa.<br \/>\nO\u00dc Thermoarena t\u00fctarfirma Burnshield O\u00dc, kes tegeleb puittoodete tulet\u00f5kke immutamisega, j\u00e4rgib samuti eekirjeldatud t\u00f6\u00f6j\u00f5upoliitika s\u00e4tteid.<\/p>\n","protected":false},"excerpt":{"rendered":"<p>Koosk\u00f5las Eesti Vabariigi \u00f5igusaktidega kehtib O\u00dc Thermoarena\u2019s t\u00f6\u00f6j\u00f5upoliitika, mis rakendab FSC t\u00f6\u00f6j\u00f5u p\u00f5hin\u00f5udeid j\u00e4rgmiselt: Lapst\u00f6\u00f6j\u00f5u kasutamine Ettev\u00f5te ei kasuta lapst\u00f6\u00f6j\u00f5udu&#8230;.<\/p>\n","protected":false},"author":2,"featured_media":0,"parent":0,"menu_order":2,"comment_status":"closed","ping_status":"closed","template":"","meta":{"_acf_changed":false,"_seopress_robots_primary_cat":"","_seopress_titles_title":"","_seopress_titles_desc":"","_seopress_robots_index":"","advgb_blocks_editor_width":"","advgb_blocks_columns_visual_guide":"","_monsterinsights_skip_tracking":false,"_monsterinsights_sitenote_active":false,"_monsterinsights_sitenote_note":"","_monsterinsights_sitenote_category":0,"footnotes":""},"class_list":["post-2675","page","type-page","status-publish","hentry"],"acf":[],"yoast_head":"<!-- This site is optimized with the Yoast SEO plugin v26.0 - https:\/\/yoast.com\/wordpress\/plugins\/seo\/ -->\n<title>O\u00dc Thermoarena t\u00f6\u00f6j\u00f5upoliitika | Thermoarena<\/title>\n<meta name=\"robots\" content=\"index, follow, max-snippet:-1, max-image-preview:large, max-video-preview:-1\" \/>\n<link rel=\"canonical\" href=\"https:\/\/thermoarena.com\/et\/toojoupoliitika\/\" \/>\n<meta property=\"og:locale\" content=\"et_EE\" \/>\n<meta property=\"og:type\" content=\"article\" \/>\n<meta property=\"og:title\" content=\"O\u00dc Thermoarena t\u00f6\u00f6j\u00f5upoliitika | Thermoarena\" \/>\n<meta property=\"og:url\" content=\"https:\/\/thermoarena.com\/et\/toojoupoliitika\/\" \/>\n<meta property=\"og:site_name\" content=\"Thermoarena\" \/>\n<meta name=\"twitter:card\" content=\"summary_large_image\" \/>\n<meta name=\"twitter:label1\" content=\"Est. reading time\" \/>\n\t<meta name=\"twitter:data1\" content=\"1 minut\" \/>\n<script type=\"application\/ld+json\" class=\"yoast-schema-graph\">{\"@context\":\"https:\/\/schema.org\",\"@graph\":[{\"@type\":\"WebPage\",\"@id\":\"https:\/\/thermoarena.com\/et\/toojoupoliitika\/\",\"url\":\"https:\/\/thermoarena.com\/et\/toojoupoliitika\/\",\"name\":\"O\u00dc Thermoarena t\u00f6\u00f6j\u00f5upoliitika | Thermoarena\",\"isPartOf\":{\"@id\":\"https:\/\/thermoarena.com\/#website\"},\"datePublished\":\"2024-09-18T09:19:54+00:00\",\"breadcrumb\":{\"@id\":\"https:\/\/thermoarena.com\/et\/toojoupoliitika\/#breadcrumb\"},\"inLanguage\":\"et\",\"potentialAction\":[{\"@type\":\"ReadAction\",\"target\":[\"https:\/\/thermoarena.com\/et\/toojoupoliitika\/\"]}]},{\"@type\":\"BreadcrumbList\",\"@id\":\"https:\/\/thermoarena.com\/et\/toojoupoliitika\/#breadcrumb\",\"itemListElement\":[{\"@type\":\"ListItem\",\"position\":1,\"name\":\"Home\",\"item\":\"https:\/\/thermoarena.com\/et\/\"},{\"@type\":\"ListItem\",\"position\":2,\"name\":\"O\u00dc Thermoarena t\u00f6\u00f6j\u00f5upoliitika\"}]},{\"@type\":\"WebSite\",\"@id\":\"https:\/\/thermoarena.com\/#website\",\"url\":\"https:\/\/thermoarena.com\/\",\"name\":\"Thermoarena\",\"description\":\"High quality thermowood products\",\"publisher\":{\"@id\":\"https:\/\/thermoarena.com\/#organization\"},\"potentialAction\":[{\"@type\":\"SearchAction\",\"target\":{\"@type\":\"EntryPoint\",\"urlTemplate\":\"https:\/\/thermoarena.com\/?s={search_term_string}\"},\"query-input\":{\"@type\":\"PropertyValueSpecification\",\"valueRequired\":true,\"valueName\":\"search_term_string\"}}],\"inLanguage\":\"et\"},{\"@type\":\"Organization\",\"@id\":\"https:\/\/thermoarena.com\/#organization\",\"name\":\"Thermoarena\",\"url\":\"https:\/\/thermoarena.com\/\",\"logo\":{\"@type\":\"ImageObject\",\"inLanguage\":\"et\",\"@id\":\"https:\/\/thermoarena.com\/#\/schema\/logo\/image\/\",\"url\":\"https:\/\/thermoarena.com\/wp-content\/uploads\/2021\/03\/varviline-logo.jpg\",\"contentUrl\":\"https:\/\/thermoarena.com\/wp-content\/uploads\/2021\/03\/varviline-logo.jpg\",\"width\":307,\"height\":35,\"caption\":\"Thermoarena\"},\"image\":{\"@id\":\"https:\/\/thermoarena.com\/#\/schema\/logo\/image\/\"}}]}<\/script>\n<!-- \/ Yoast SEO plugin. -->","yoast_head_json":{"title":"O\u00dc Thermoarena t\u00f6\u00f6j\u00f5upoliitika | Thermoarena","robots":{"index":"index","follow":"follow","max-snippet":"max-snippet:-1","max-image-preview":"max-image-preview:large","max-video-preview":"max-video-preview:-1"},"canonical":"https:\/\/thermoarena.com\/et\/toojoupoliitika\/","og_locale":"et_EE","og_type":"article","og_title":"O\u00dc Thermoarena t\u00f6\u00f6j\u00f5upoliitika | Thermoarena","og_url":"https:\/\/thermoarena.com\/et\/toojoupoliitika\/","og_site_name":"Thermoarena","twitter_card":"summary_large_image","twitter_misc":{"Est. reading time":"1 minut"},"schema":{"@context":"https:\/\/schema.org","@graph":[{"@type":"WebPage","@id":"https:\/\/thermoarena.com\/et\/toojoupoliitika\/","url":"https:\/\/thermoarena.com\/et\/toojoupoliitika\/","name":"O\u00dc Thermoarena t\u00f6\u00f6j\u00f5upoliitika | Thermoarena","isPartOf":{"@id":"https:\/\/thermoarena.com\/#website"},"datePublished":"2024-09-18T09:19:54+00:00","breadcrumb":{"@id":"https:\/\/thermoarena.com\/et\/toojoupoliitika\/#breadcrumb"},"inLanguage":"et","potentialAction":[{"@type":"ReadAction","target":["https:\/\/thermoarena.com\/et\/toojoupoliitika\/"]}]},{"@type":"BreadcrumbList","@id":"https:\/\/thermoarena.com\/et\/toojoupoliitika\/#breadcrumb","itemListElement":[{"@type":"ListItem","position":1,"name":"Home","item":"https:\/\/thermoarena.com\/et\/"},{"@type":"ListItem","position":2,"name":"O\u00dc Thermoarena t\u00f6\u00f6j\u00f5upoliitika"}]},{"@type":"WebSite","@id":"https:\/\/thermoarena.com\/#website","url":"https:\/\/thermoarena.com\/","name":"Thermoarena","description":"High quality thermowood products","publisher":{"@id":"https:\/\/thermoarena.com\/#organization"},"potentialAction":[{"@type":"SearchAction","target":{"@type":"EntryPoint","urlTemplate":"https:\/\/thermoarena.com\/?s={search_term_string}"},"query-input":{"@type":"PropertyValueSpecification","valueRequired":true,"valueName":"search_term_string"}}],"inLanguage":"et"},{"@type":"Organization","@id":"https:\/\/thermoarena.com\/#organization","name":"Thermoarena","url":"https:\/\/thermoarena.com\/","logo":{"@type":"ImageObject","inLanguage":"et","@id":"https:\/\/thermoarena.com\/#\/schema\/logo\/image\/","url":"https:\/\/thermoarena.com\/wp-content\/uploads\/2021\/03\/varviline-logo.jpg","contentUrl":"https:\/\/thermoarena.com\/wp-content\/uploads\/2021\/03\/varviline-logo.jpg","width":307,"height":35,"caption":"Thermoarena"},"image":{"@id":"https:\/\/thermoarena.com\/#\/schema\/logo\/image\/"}}]}},"coauthors":[],"author_meta":{"author_link":"https:\/\/thermoarena.com\/et\/author\/teliart\/","display_name":"Teliart"},"relative_dates":{"created":"Posted 2 aastat ago","modified":"Updated 2 aastat ago"},"absolute_dates":{"created":"Posted on 18. sept. 2024","modified":"Updated on 18. sept. 2024"},"absolute_dates_time":{"created":"Posted on 18. sept. 2024 12:19","modified":"Updated on 18. sept. 2024 12:19"},"featured_img_caption":"","featured_img":false,"series_order":"","_links":{"self":[{"href":"https:\/\/thermoarena.com\/et\/wp-json\/wp\/v2\/pages\/2675","targetHints":{"allow":["GET"]}}],"collection":[{"href":"https:\/\/thermoarena.com\/et\/wp-json\/wp\/v2\/pages"}],"about":[{"href":"https:\/\/thermoarena.com\/et\/wp-json\/wp\/v2\/types\/page"}],"author":[{"embeddable":true,"href":"https:\/\/thermoarena.com\/et\/wp-json\/wp\/v2\/users\/2"}],"replies":[{"embeddable":true,"href":"https:\/\/thermoarena.com\/et\/wp-json\/wp\/v2\/comments?post=2675"}],"version-history":[{"count":3,"href":"https:\/\/thermoarena.com\/et\/wp-json\/wp\/v2\/pages\/2675\/revisions"}],"predecessor-version":[{"id":2679,"href":"https:\/\/thermoarena.com\/et\/wp-json\/wp\/v2\/pages\/2675\/revisions\/2679"}],"wp:attachment":[{"href":"https:\/\/thermoarena.com\/et\/wp-json\/wp\/v2\/media?parent=2675"}],"curies":[{"name":"wp","href":"https:\/\/api.w.org\/{rel}","templated":true}]}}