{"id":2498,"date":"2024-03-05T12:50:42","date_gmt":"2024-03-05T10:50:42","guid":{"rendered":"https:\/\/thermoarena.com\/?page_id=2498"},"modified":"2026-03-04T23:02:07","modified_gmt":"2026-03-04T21:02:07","slug":"sertifikaadid","status":"publish","type":"page","link":"https:\/\/thermoarena.com\/et\/sertifikaadid\/","title":{"rendered":"Sertifikaadid"},"content":{"rendered":"\n<p>J\u00e4tkusuutlikkuse p\u00f5him\u00f5tted on l\u00f5imitud k\u00f5ikidesse Thermoarena \u00e4riprotsessidesse, alates tooraine hankimisest kuni termopuidust l\u00f5pptoodete vastutustundliku tootmiseni. Edendades t\u00f6\u00f6h\u00f5ivet ning rakendades tehnoloogilist innovatsioooni loome parimad v\u00f5imalused oma klientide teenindamiseks ja kestlikkuse positiivse m\u00f5ju laiendamiseks.&nbsp;<\/p>\n\n\n\n<div style=\"height:25px\" aria-hidden=\"true\" class=\"wp-block-spacer\"><\/div>\n\n\n\n<div class=\"wp-block-columns are-vertically-aligned-bottom is-layout-flex wp-container-core-columns-is-layout-9d6595d7 wp-block-columns-is-layout-flex\">\n<div class=\"wp-block-column is-vertically-aligned-bottom is-layout-flow wp-block-column-is-layout-flow\">\n<div class=\"wp-block-group is-vertical is-layout-flex wp-container-core-group-is-layout-8cf370e7 wp-block-group-is-layout-flex\">\n<h6 class=\"wp-block-heading\" id=\"sustainability-environment-a8ed86fe-d103-4e1a-a0af-e569cb673981\">Kestlikkus ja keskkond<\/h6>\n\n\n\n<figure class=\"wp-block-image size-large is-resized\"><img alt=\"\" decoding=\"async\" width=\"826\" height=\"1170\" src=\"http:\/\/thermoarena.com\/wp-content\/uploads\/2023\/06\/RTS_213_23-Thermoarena-OU-826x1170.png\" alt=\"\" class=\"wp-image-1870\" style=\"width:auto;height:400px\" srcset=\"https:\/\/thermoarena.com\/wp-content\/uploads\/2023\/06\/RTS_213_23-Thermoarena-OU-826x1170.png 826w, https:\/\/thermoarena.com\/wp-content\/uploads\/2023\/06\/RTS_213_23-Thermoarena-OU-392x555.png 392w, https:\/\/thermoarena.com\/wp-content\/uploads\/2023\/06\/RTS_213_23-Thermoarena-OU-768x1087.png 768w, https:\/\/thermoarena.com\/wp-content\/uploads\/2023\/06\/RTS_213_23-Thermoarena-OU-79x112.png 79w, https:\/\/thermoarena.com\/wp-content\/uploads\/2023\/06\/RTS_213_23-Thermoarena-OU.png 873w\" sizes=\"(max-width: 826px) 100vw, 826px\" \/><\/figure>\n<\/div>\n<\/div>\n\n\n\n<div class=\"wp-block-column is-vertically-aligned-bottom is-layout-flow wp-block-column-is-layout-flow\">\n<div class=\"wp-block-group is-vertical is-layout-flex wp-container-core-group-is-layout-8cf370e7 wp-block-group-is-layout-flex\">\n<h6 class=\"wp-block-heading\" id=\"manufacturing-control-product-liability-66c6bc12-bb43-4cfa-ba73-57412ea643b3\">Tootmisohje ja tootevastutus<\/h6>\n\n\n\n<figure class=\"wp-block-image size-full is-resized\"><img alt=\"\" decoding=\"async\" width=\"806\" height=\"1140\" src=\"http:\/\/thermoarena.com\/wp-content\/uploads\/2026\/03\/Document-VPC-Thermoarena-OU-0004-v3.png\" alt=\"\" class=\"wp-image-2853\" style=\"width:auto;height:400px\" srcset=\"https:\/\/thermoarena.com\/wp-content\/uploads\/2026\/03\/Document-VPC-Thermoarena-OU-0004-v3.png 806w, https:\/\/thermoarena.com\/wp-content\/uploads\/2026\/03\/Document-VPC-Thermoarena-OU-0004-v3-392x555.png 392w, https:\/\/thermoarena.com\/wp-content\/uploads\/2026\/03\/Document-VPC-Thermoarena-OU-0004-v3-768x1086.png 768w, https:\/\/thermoarena.com\/wp-content\/uploads\/2026\/03\/Document-VPC-Thermoarena-OU-0004-v3-79x112.png 79w\" sizes=\"(max-width: 806px) 100vw, 806px\" \/><\/figure>\n<\/div>\n<\/div>\n\n\n\n<div class=\"wp-block-column is-vertically-aligned-bottom is-layout-flow wp-block-column-is-layout-flow\">\n<div class=\"wp-block-group is-vertical is-layout-flex wp-container-core-group-is-layout-8cf370e7 wp-block-group-is-layout-flex\">\n<h6 class=\"wp-block-heading\" id=\"company-credibility-68fd2ad4-23f4-4db2-ba1d-da2bb1370b25\">Ettev\u00f5tte usaldusv\u00e4\u00e4rsus<\/h6>\n\n\n<div class=\"wp-block-image\">\n<figure class=\"aligncenter size-large is-resized\"><img alt=\"\" decoding=\"async\" width=\"830\" height=\"1170\" src=\"http:\/\/thermoarena.com\/wp-content\/uploads\/2024\/09\/AA-2024-EST-830x1170.png\" alt=\"\" class=\"wp-image-2716\" style=\"width:auto;height:400px\" srcset=\"https:\/\/thermoarena.com\/wp-content\/uploads\/2024\/09\/AA-2024-EST-830x1170.png 830w, https:\/\/thermoarena.com\/wp-content\/uploads\/2024\/09\/AA-2024-EST-394x555.png 394w, https:\/\/thermoarena.com\/wp-content\/uploads\/2024\/09\/AA-2024-EST-768x1083.png 768w, https:\/\/thermoarena.com\/wp-content\/uploads\/2024\/09\/AA-2024-EST-1090x1536.png 1090w, https:\/\/thermoarena.com\/wp-content\/uploads\/2024\/09\/AA-2024-EST-79x112.png 79w, https:\/\/thermoarena.com\/wp-content\/uploads\/2024\/09\/AA-2024-EST.png 1350w\" sizes=\"(max-width: 830px) 100vw, 830px\" \/><\/figure><\/div><\/div>\n<\/div>\n\n\n\n<div class=\"wp-block-column is-vertically-aligned-bottom is-layout-flow wp-block-column-is-layout-flow\">\n<div class=\"wp-block-group is-vertical is-layout-flex wp-container-core-group-is-layout-8cf370e7 wp-block-group-is-layout-flex\">\n<h6 class=\"wp-block-heading\" id=\"-c47c3607-36df-47d9-9b88-f47b7f70caed\"><\/h6>\n\n\n<div class=\"wp-block-image\">\n<figure class=\"aligncenter size-large is-resized\"><img decoding=\"async\" src=\"http:\/\/thermoarena.com\/wp-content\/uploads\/2021\/03\/Gasell_20211024_1.jpg\" alt=\"\" style=\"width:auto;height:400px\"\/><\/figure><\/div><\/div>\n<\/div>\n<\/div>\n\n\n\n<div class=\"wp-block-columns are-vertically-aligned-bottom is-layout-flex wp-container-core-columns-is-layout-9d6595d7 wp-block-columns-is-layout-flex\">\n<div class=\"wp-block-column is-vertically-aligned-bottom is-layout-flow wp-block-column-is-layout-flow\">\n<div class=\"wp-block-group is-vertical is-layout-flex wp-container-core-group-is-layout-8cf370e7 wp-block-group-is-layout-flex\">\n<h6 class=\"wp-block-heading\" id=\"responsible-supply-chain-3608732a-7321-4f0b-9690-5112e5350fe8\">Vastutustundlik tarneahel<\/h6>\n\n\n\n<figure class=\"wp-block-image size-large is-resized\"><img alt=\"\" decoding=\"async\" width=\"827\" height=\"1170\" src=\"http:\/\/thermoarena.com\/wp-content\/uploads\/2023\/01\/PEFC-Product-Schedule-Thermoarena-008006-OU-RA-2023-1-827x1170.png\" alt=\"\" class=\"wp-image-1652\" style=\"width:auto;height:400px\" srcset=\"https:\/\/thermoarena.com\/wp-content\/uploads\/2023\/01\/PEFC-Product-Schedule-Thermoarena-008006-OU-RA-2023-1-827x1170.png 827w, https:\/\/thermoarena.com\/wp-content\/uploads\/2023\/01\/PEFC-Product-Schedule-Thermoarena-008006-OU-RA-2023-1-392x555.png 392w, https:\/\/thermoarena.com\/wp-content\/uploads\/2023\/01\/PEFC-Product-Schedule-Thermoarena-008006-OU-RA-2023-1-768x1086.png 768w, https:\/\/thermoarena.com\/wp-content\/uploads\/2023\/01\/PEFC-Product-Schedule-Thermoarena-008006-OU-RA-2023-1-1086x1536.png 1086w, https:\/\/thermoarena.com\/wp-content\/uploads\/2023\/01\/PEFC-Product-Schedule-Thermoarena-008006-OU-RA-2023-1-1448x2048.png 1448w, https:\/\/thermoarena.com\/wp-content\/uploads\/2023\/01\/PEFC-Product-Schedule-Thermoarena-008006-OU-RA-2023-1-79x112.png 79w, https:\/\/thermoarena.com\/wp-content\/uploads\/2023\/01\/PEFC-Product-Schedule-Thermoarena-008006-OU-RA-2023-1.png 1654w\" sizes=\"(max-width: 827px) 100vw, 827px\" \/><\/figure>\n<\/div>\n<\/div>\n\n\n\n<div class=\"wp-block-column is-vertically-aligned-bottom is-layout-flow wp-block-column-is-layout-flow\">\n<div class=\"wp-block-group is-vertical is-layout-flex wp-container-core-group-is-layout-8cf370e7 wp-block-group-is-layout-flex\">\n<h6 class=\"wp-block-heading\" id=\"-33fbdf4c-8f5f-4469-b0f0-4e3aeaac6276\"><\/h6>\n\n\n\n<figure class=\"wp-block-image size-large is-resized\"><img alt=\"\" decoding=\"async\" width=\"827\" height=\"1170\" src=\"http:\/\/thermoarena.com\/wp-content\/uploads\/2023\/01\/PEFC-Certificate-Thermoarena-OU-008006-v2.0-1-827x1170.jpg\" alt=\"\" class=\"wp-image-1650\" style=\"width:auto;height:400px\" srcset=\"https:\/\/thermoarena.com\/wp-content\/uploads\/2023\/01\/PEFC-Certificate-Thermoarena-OU-008006-v2.0-1-827x1170.jpg 827w, https:\/\/thermoarena.com\/wp-content\/uploads\/2023\/01\/PEFC-Certificate-Thermoarena-OU-008006-v2.0-1-392x555.jpg 392w, https:\/\/thermoarena.com\/wp-content\/uploads\/2023\/01\/PEFC-Certificate-Thermoarena-OU-008006-v2.0-1-768x1086.jpg 768w, https:\/\/thermoarena.com\/wp-content\/uploads\/2023\/01\/PEFC-Certificate-Thermoarena-OU-008006-v2.0-1-1086x1536.jpg 1086w, https:\/\/thermoarena.com\/wp-content\/uploads\/2023\/01\/PEFC-Certificate-Thermoarena-OU-008006-v2.0-1-1448x2048.jpg 1448w, https:\/\/thermoarena.com\/wp-content\/uploads\/2023\/01\/PEFC-Certificate-Thermoarena-OU-008006-v2.0-1-79x112.jpg 79w, https:\/\/thermoarena.com\/wp-content\/uploads\/2023\/01\/PEFC-Certificate-Thermoarena-OU-008006-v2.0-1.jpg 1654w\" sizes=\"(max-width: 827px) 100vw, 827px\" \/><\/figure>\n<\/div>\n<\/div>\n\n\n\n<div class=\"wp-block-column is-vertically-aligned-bottom is-layout-flow wp-block-column-is-layout-flow\">\n<div class=\"wp-block-group is-vertical is-layout-flex wp-container-core-group-is-layout-8cf370e7 wp-block-group-is-layout-flex\">\n<h6 class=\"wp-block-heading\" id=\"-e2f15f57-3a4d-4ab7-b2fc-afeb7adb61bf\"><\/h6>\n\n\n<div class=\"wp-block-image\">\n<figure class=\"aligncenter size-large is-resized\"><img alt=\"\" decoding=\"async\" width=\"827\" height=\"1170\" src=\"http:\/\/thermoarena.com\/wp-content\/uploads\/2023\/01\/FSC-Product-Schedule-Thermoarena-008006-OU-RA-2023-1-827x1170.png\" alt=\"\" class=\"wp-image-1648\" style=\"width:283px;height:auto\" srcset=\"https:\/\/thermoarena.com\/wp-content\/uploads\/2023\/01\/FSC-Product-Schedule-Thermoarena-008006-OU-RA-2023-1-827x1170.png 827w, https:\/\/thermoarena.com\/wp-content\/uploads\/2023\/01\/FSC-Product-Schedule-Thermoarena-008006-OU-RA-2023-1-392x555.png 392w, https:\/\/thermoarena.com\/wp-content\/uploads\/2023\/01\/FSC-Product-Schedule-Thermoarena-008006-OU-RA-2023-1-768x1086.png 768w, https:\/\/thermoarena.com\/wp-content\/uploads\/2023\/01\/FSC-Product-Schedule-Thermoarena-008006-OU-RA-2023-1-1086x1536.png 1086w, https:\/\/thermoarena.com\/wp-content\/uploads\/2023\/01\/FSC-Product-Schedule-Thermoarena-008006-OU-RA-2023-1-1448x2048.png 1448w, https:\/\/thermoarena.com\/wp-content\/uploads\/2023\/01\/FSC-Product-Schedule-Thermoarena-008006-OU-RA-2023-1-79x112.png 79w, https:\/\/thermoarena.com\/wp-content\/uploads\/2023\/01\/FSC-Product-Schedule-Thermoarena-008006-OU-RA-2023-1.png 1654w\" sizes=\"(max-width: 827px) 100vw, 827px\" \/><\/figure><\/div>\n\n\n<p><a href=\"https:\/\/thermoarena.com\/et\/toojoupoliitika\/\">Thermoarena t\u00f6\u00f6j\u00f5upoliitika<\/a><\/p>\n<\/div>\n<\/div>\n\n\n\n<div class=\"wp-block-column is-vertically-aligned-bottom is-layout-flow wp-block-column-is-layout-flow\">\n<div class=\"wp-block-group is-vertical is-layout-flex wp-container-core-group-is-layout-8cf370e7 wp-block-group-is-layout-flex\">\n<h6 class=\"wp-block-heading\" id=\"-3eebaf23-e499-4e0a-8487-73a23903a1d9\"><\/h6>\n\n\n<div class=\"wp-block-image\">\n<figure class=\"aligncenter size-large is-resized\"><img alt=\"\" decoding=\"async\" width=\"827\" height=\"1170\" src=\"http:\/\/thermoarena.com\/wp-content\/uploads\/2023\/01\/FSC-Certificate-Thermoarena-OU-008006-v2.0-1-827x1170.jpg\" alt=\"\" class=\"wp-image-1646\" style=\"width:auto;height:400px\" srcset=\"https:\/\/thermoarena.com\/wp-content\/uploads\/2023\/01\/FSC-Certificate-Thermoarena-OU-008006-v2.0-1-827x1170.jpg 827w, https:\/\/thermoarena.com\/wp-content\/uploads\/2023\/01\/FSC-Certificate-Thermoarena-OU-008006-v2.0-1-392x555.jpg 392w, https:\/\/thermoarena.com\/wp-content\/uploads\/2023\/01\/FSC-Certificate-Thermoarena-OU-008006-v2.0-1-768x1086.jpg 768w, https:\/\/thermoarena.com\/wp-content\/uploads\/2023\/01\/FSC-Certificate-Thermoarena-OU-008006-v2.0-1-1086x1536.jpg 1086w, https:\/\/thermoarena.com\/wp-content\/uploads\/2023\/01\/FSC-Certificate-Thermoarena-OU-008006-v2.0-1-1448x2048.jpg 1448w, https:\/\/thermoarena.com\/wp-content\/uploads\/2023\/01\/FSC-Certificate-Thermoarena-OU-008006-v2.0-1-79x112.jpg 79w, https:\/\/thermoarena.com\/wp-content\/uploads\/2023\/01\/FSC-Certificate-Thermoarena-OU-008006-v2.0-1.jpg 1654w\" sizes=\"(max-width: 827px) 100vw, 827px\" \/><\/figure><\/div><\/div>\n<\/div>\n<\/div>\n\n\n\n<div style=\"height:50px\" aria-hidden=\"true\" class=\"wp-block-spacer\"><\/div>\n\n\n\n<hr class=\"wp-block-separator has-alpha-channel-opacity\"\/>\n\n\n\n<div style=\"height:50px\" aria-hidden=\"true\" class=\"wp-block-spacer\"><\/div>\n\n\n\n<div class=\"wp-block-columns is-layout-flex wp-container-core-columns-is-layout-9d6595d7 wp-block-columns-is-layout-flex\">\n<div class=\"wp-block-column is-layout-flow wp-block-column-is-layout-flow\" style=\"flex-basis:25%\">\n<figure class=\"wp-block-image size-medium is-resized\"><img alt=\"\" decoding=\"async\" width=\"555\" height=\"450\" src=\"http:\/\/thermoarena.com\/wp-content\/uploads\/2024\/02\/CE-sign-555x450.png\" alt=\"\" class=\"wp-image-2436\" style=\"width:258px\" srcset=\"https:\/\/thermoarena.com\/wp-content\/uploads\/2024\/02\/CE-sign-555x450.png 555w, https:\/\/thermoarena.com\/wp-content\/uploads\/2024\/02\/CE-sign-768x623.png 768w, https:\/\/thermoarena.com\/wp-content\/uploads\/2024\/02\/CE-sign-138x112.png 138w, https:\/\/thermoarena.com\/wp-content\/uploads\/2024\/02\/CE-sign.png 1270w\" sizes=\"(max-width: 555px) 100vw, 555px\" \/><\/figure>\n<\/div>\n\n\n\n<div class=\"wp-block-column is-layout-flow wp-block-column-is-layout-flow\" style=\"flex-basis:50%\">\n<h3 class=\"wp-block-heading\" id=\"declaration-of-performance-ce-marking-be1dd810-8ef0-4a27-8669-302f5609c586\"><b><strong>Toimivusdeklaratsioon \/ CE-m\u00e4rgis<\/strong><\/b><\/h3>\n\n\n\n<div style=\"height:25px\" aria-hidden=\"true\" class=\"wp-block-spacer\"><\/div>\n\n\n\n<p>Thermoarena tooted on hinnatud \u00fchtlustatud tehnilise spetsifikatsiooni alusel ning deklareeritud toimivusomadused on j\u00e4rgmised:<\/p>\n\n\n\n<div style=\"height:25px\" aria-hidden=\"true\" class=\"wp-block-spacer\"><\/div>\n\n\n\n<p><a href=\"http:\/\/thermoarena.com\/wp-content\/uploads\/2025\/07\/Termomand-DoP-nr.001-ET.pdf\" target=\"_blank\" rel=\"noreferrer noopener\">Termom\u00e4nd-DoP nr.001<\/a><\/p>\n\n\n\n<p><a href=\"http:\/\/thermoarena.com\/wp-content\/uploads\/2025\/07\/Termokuusk-DoP-nr.002-ET.pdf\" target=\"_blank\" rel=\"noreferrer noopener\">Termokuusk-DoP nr.002<\/a><\/p>\n\n\n\n<p><a href=\"http:\/\/thermoarena.com\/wp-content\/uploads\/2025\/07\/Termoabachi-DoP-nr.003-ET.pdf\" target=\"_blank\" rel=\"noreferrer noopener\">Termoabachi-DoP nr.003<\/a><\/p>\n\n\n\n<\/p>\n\n\n\n<div style=\"height:25px\" aria-hidden=\"true\" class=\"wp-block-spacer\"><\/div>\n<\/div>\n\n\n\n<div class=\"wp-block-column is-layout-flow wp-block-column-is-layout-flow\" style=\"flex-basis:25%\"><\/div>\n<\/div>\n\n\n\n<div style=\"height:30px\" aria-hidden=\"true\" class=\"wp-block-spacer\"><\/div>\n\n\n\n<div class=\"wp-block-columns is-layout-flex wp-container-core-columns-is-layout-9d6595d7 wp-block-columns-is-layout-flex\">\n<div class=\"wp-block-column is-layout-flow wp-block-column-is-layout-flow\">\n<h3 class=\"wp-block-heading\" id=\"durability-of-thermally-modified-wood-d9865156-8663-4147-811b-c0584e3fb40b\"><b><strong><strong>Termiliselt modifitseeritud puidu vastupidavus<\/strong><\/strong><\/b><\/h3>\n\n\n\n<div style=\"height:25px\" aria-hidden=\"true\" class=\"wp-block-spacer\"><\/div>\n\n\n\n<p>Puiduliigi vastupidavust m\u00e4\u00e4ratletakse kui selle olemuslikku resistentsust puitu h\u00e4vitavatele seenkahjustustele. Thermoarena toodete vastupidavust testib<span style=\"font-weight: 400;\"> <\/span><a href=\"https:\/\/catas.com\/\"><span style=\"font-weight: 400;\">CATAS.COM<\/span><\/a><\/p>\n\n\n\n<div style=\"height:25px\" aria-hidden=\"true\" class=\"wp-block-spacer\"><\/div>\n\n\n\n<p><a href=\"http:\/\/thermoarena.com\/wp-content\/uploads\/2024\/02\/CATAS-test-report_353133_Pine.pdf\" target=\"_blank\" rel=\"noopener\">CATAS TEST: termom\u00e4nd<\/a><\/p>\n\n\n\n<p><a href=\"http:\/\/thermoarena.com\/wp-content\/uploads\/2024\/02\/CATAS-test-report_353134_Spruce.pdf\" target=\"_blank\" rel=\"noopener\">CATAS TEST: termokuusk<\/a><\/p>\n\n\n\n<p><a href=\"http:\/\/thermoarena.com\/wp-content\/uploads\/2024\/02\/CATAS-test-report_353135_Ayous.pdf\" target=\"_blank\" rel=\"noopener\">CATAS TEST: termoabachi<\/a><\/p>\n<\/div>\n\n\n\n<div class=\"wp-block-column is-layout-flow wp-block-column-is-layout-flow\">\n<figure class=\"wp-block-image size-full\"><img alt=\"\" decoding=\"async\" width=\"1620\" height=\"911\" src=\"http:\/\/thermoarena.com\/wp-content\/uploads\/2024\/02\/Lifespan-of-thermowood.jpg\" alt=\"\" class=\"wp-image-2625\" srcset=\"https:\/\/thermoarena.com\/wp-content\/uploads\/2024\/02\/Lifespan-of-thermowood.jpg 1620w, https:\/\/thermoarena.com\/wp-content\/uploads\/2024\/02\/Lifespan-of-thermowood-555x312.jpg 555w, https:\/\/thermoarena.com\/wp-content\/uploads\/2024\/02\/Lifespan-of-thermowood-768x432.jpg 768w, https:\/\/thermoarena.com\/wp-content\/uploads\/2024\/02\/Lifespan-of-thermowood-1536x864.jpg 1536w, https:\/\/thermoarena.com\/wp-content\/uploads\/2024\/02\/Lifespan-of-thermowood-199x112.jpg 199w\" sizes=\"(max-width: 1620px) 100vw, 1620px\" \/><\/figure>\n<\/div>\n<\/div>\n","protected":false},"excerpt":{"rendered":"<p>J\u00e4tkusuutlikkuse p\u00f5him\u00f5tted on l\u00f5imitud k\u00f5ikidesse Thermoarena \u00e4riprotsessidesse, alates tooraine hankimisest kuni termopuidust l\u00f5pptoodete vastutustundliku tootmiseni. Edendades t\u00f6\u00f6h\u00f5ivet ning rakendades tehnoloogilist&#8230;<\/p>\n","protected":false},"author":2,"featured_media":0,"parent":0,"menu_order":6,"comment_status":"closed","ping_status":"closed","template":"","meta":{"_acf_changed":false,"_seopress_robots_primary_cat":"","_seopress_titles_title":"","_seopress_titles_desc":"","_seopress_robots_index":"","advgb_blocks_editor_width":"","advgb_blocks_columns_visual_guide":"","_monsterinsights_skip_tracking":false,"_monsterinsights_sitenote_active":false,"_monsterinsights_sitenote_note":"","_monsterinsights_sitenote_category":0,"footnotes":""},"class_list":["post-2498","page","type-page","status-publish","hentry"],"acf":[],"yoast_head":"<!-- This site is optimized with the Yoast SEO plugin v26.0 - https:\/\/yoast.com\/wordpress\/plugins\/seo\/ -->\n<title>Sertifikaadid | Thermoarena<\/title>\n<meta name=\"robots\" content=\"index, follow, max-snippet:-1, max-image-preview:large, max-video-preview:-1\" \/>\n<link rel=\"canonical\" href=\"https:\/\/thermoarena.com\/et\/sertifikaadid\/\" \/>\n<meta property=\"og:locale\" content=\"et_EE\" \/>\n<meta property=\"og:type\" content=\"article\" \/>\n<meta property=\"og:title\" content=\"Sertifikaadid | Thermoarena\" \/>\n<meta property=\"og:url\" content=\"https:\/\/thermoarena.com\/et\/sertifikaadid\/\" \/>\n<meta property=\"og:site_name\" content=\"Thermoarena\" \/>\n<meta property=\"article:modified_time\" content=\"2026-03-04T21:02:07+00:00\" \/>\n<meta property=\"og:image\" content=\"https:\/\/thermoarena.com\/wp-content\/uploads\/2023\/06\/RTS_213_23-Thermoarena-OU.png\" \/>\n\t<meta property=\"og:image:width\" content=\"873\" \/>\n\t<meta property=\"og:image:height\" content=\"1236\" \/>\n\t<meta property=\"og:image:type\" content=\"image\/png\" \/>\n<meta name=\"twitter:card\" content=\"summary_large_image\" \/>\n<meta name=\"twitter:label1\" content=\"Est. reading time\" \/>\n\t<meta name=\"twitter:data1\" content=\"3 minutit\" \/>\n<script type=\"application\/ld+json\" class=\"yoast-schema-graph\">{\"@context\":\"https:\/\/schema.org\",\"@graph\":[{\"@type\":\"WebPage\",\"@id\":\"https:\/\/thermoarena.com\/et\/sertifikaadid\/\",\"url\":\"https:\/\/thermoarena.com\/et\/sertifikaadid\/\",\"name\":\"Sertifikaadid | Thermoarena\",\"isPartOf\":{\"@id\":\"https:\/\/thermoarena.com\/#website\"},\"primaryImageOfPage\":{\"@id\":\"https:\/\/thermoarena.com\/et\/sertifikaadid\/#primaryimage\"},\"image\":{\"@id\":\"https:\/\/thermoarena.com\/et\/sertifikaadid\/#primaryimage\"},\"thumbnailUrl\":\"http:\/\/thermoarena.com\/wp-content\/uploads\/2023\/06\/RTS_213_23-Thermoarena-OU-826x1170.png\",\"datePublished\":\"2024-03-05T10:50:42+00:00\",\"dateModified\":\"2026-03-04T21:02:07+00:00\",\"breadcrumb\":{\"@id\":\"https:\/\/thermoarena.com\/et\/sertifikaadid\/#breadcrumb\"},\"inLanguage\":\"et\",\"potentialAction\":[{\"@type\":\"ReadAction\",\"target\":[\"https:\/\/thermoarena.com\/et\/sertifikaadid\/\"]}]},{\"@type\":\"ImageObject\",\"inLanguage\":\"et\",\"@id\":\"https:\/\/thermoarena.com\/et\/sertifikaadid\/#primaryimage\",\"url\":\"http:\/\/thermoarena.com\/wp-content\/uploads\/2023\/06\/RTS_213_23-Thermoarena-OU-826x1170.png\",\"contentUrl\":\"http:\/\/thermoarena.com\/wp-content\/uploads\/2023\/06\/RTS_213_23-Thermoarena-OU-826x1170.png\"},{\"@type\":\"BreadcrumbList\",\"@id\":\"https:\/\/thermoarena.com\/et\/sertifikaadid\/#breadcrumb\",\"itemListElement\":[{\"@type\":\"ListItem\",\"position\":1,\"name\":\"Home\",\"item\":\"https:\/\/thermoarena.com\/et\/\"},{\"@type\":\"ListItem\",\"position\":2,\"name\":\"Sertifikaadid\"}]},{\"@type\":\"WebSite\",\"@id\":\"https:\/\/thermoarena.com\/#website\",\"url\":\"https:\/\/thermoarena.com\/\",\"name\":\"Thermoarena\",\"description\":\"High quality thermowood products\",\"publisher\":{\"@id\":\"https:\/\/thermoarena.com\/#organization\"},\"potentialAction\":[{\"@type\":\"SearchAction\",\"target\":{\"@type\":\"EntryPoint\",\"urlTemplate\":\"https:\/\/thermoarena.com\/?s={search_term_string}\"},\"query-input\":{\"@type\":\"PropertyValueSpecification\",\"valueRequired\":true,\"valueName\":\"search_term_string\"}}],\"inLanguage\":\"et\"},{\"@type\":\"Organization\",\"@id\":\"https:\/\/thermoarena.com\/#organization\",\"name\":\"Thermoarena\",\"url\":\"https:\/\/thermoarena.com\/\",\"logo\":{\"@type\":\"ImageObject\",\"inLanguage\":\"et\",\"@id\":\"https:\/\/thermoarena.com\/#\/schema\/logo\/image\/\",\"url\":\"https:\/\/thermoarena.com\/wp-content\/uploads\/2021\/03\/varviline-logo.jpg\",\"contentUrl\":\"https:\/\/thermoarena.com\/wp-content\/uploads\/2021\/03\/varviline-logo.jpg\",\"width\":307,\"height\":35,\"caption\":\"Thermoarena\"},\"image\":{\"@id\":\"https:\/\/thermoarena.com\/#\/schema\/logo\/image\/\"}}]}<\/script>\n<!-- \/ Yoast SEO plugin. -->","yoast_head_json":{"title":"Sertifikaadid | Thermoarena","robots":{"index":"index","follow":"follow","max-snippet":"max-snippet:-1","max-image-preview":"max-image-preview:large","max-video-preview":"max-video-preview:-1"},"canonical":"https:\/\/thermoarena.com\/et\/sertifikaadid\/","og_locale":"et_EE","og_type":"article","og_title":"Sertifikaadid | Thermoarena","og_url":"https:\/\/thermoarena.com\/et\/sertifikaadid\/","og_site_name":"Thermoarena","article_modified_time":"2026-03-04T21:02:07+00:00","og_image":[{"width":873,"height":1236,"url":"https:\/\/thermoarena.com\/wp-content\/uploads\/2023\/06\/RTS_213_23-Thermoarena-OU.png","type":"image\/png"}],"twitter_card":"summary_large_image","twitter_misc":{"Est. reading time":"3 minutit"},"schema":{"@context":"https:\/\/schema.org","@graph":[{"@type":"WebPage","@id":"https:\/\/thermoarena.com\/et\/sertifikaadid\/","url":"https:\/\/thermoarena.com\/et\/sertifikaadid\/","name":"Sertifikaadid | Thermoarena","isPartOf":{"@id":"https:\/\/thermoarena.com\/#website"},"primaryImageOfPage":{"@id":"https:\/\/thermoarena.com\/et\/sertifikaadid\/#primaryimage"},"image":{"@id":"https:\/\/thermoarena.com\/et\/sertifikaadid\/#primaryimage"},"thumbnailUrl":"http:\/\/thermoarena.com\/wp-content\/uploads\/2023\/06\/RTS_213_23-Thermoarena-OU-826x1170.png","datePublished":"2024-03-05T10:50:42+00:00","dateModified":"2026-03-04T21:02:07+00:00","breadcrumb":{"@id":"https:\/\/thermoarena.com\/et\/sertifikaadid\/#breadcrumb"},"inLanguage":"et","potentialAction":[{"@type":"ReadAction","target":["https:\/\/thermoarena.com\/et\/sertifikaadid\/"]}]},{"@type":"ImageObject","inLanguage":"et","@id":"https:\/\/thermoarena.com\/et\/sertifikaadid\/#primaryimage","url":"http:\/\/thermoarena.com\/wp-content\/uploads\/2023\/06\/RTS_213_23-Thermoarena-OU-826x1170.png","contentUrl":"http:\/\/thermoarena.com\/wp-content\/uploads\/2023\/06\/RTS_213_23-Thermoarena-OU-826x1170.png"},{"@type":"BreadcrumbList","@id":"https:\/\/thermoarena.com\/et\/sertifikaadid\/#breadcrumb","itemListElement":[{"@type":"ListItem","position":1,"name":"Home","item":"https:\/\/thermoarena.com\/et\/"},{"@type":"ListItem","position":2,"name":"Sertifikaadid"}]},{"@type":"WebSite","@id":"https:\/\/thermoarena.com\/#website","url":"https:\/\/thermoarena.com\/","name":"Thermoarena","description":"High quality thermowood products","publisher":{"@id":"https:\/\/thermoarena.com\/#organization"},"potentialAction":[{"@type":"SearchAction","target":{"@type":"EntryPoint","urlTemplate":"https:\/\/thermoarena.com\/?s={search_term_string}"},"query-input":{"@type":"PropertyValueSpecification","valueRequired":true,"valueName":"search_term_string"}}],"inLanguage":"et"},{"@type":"Organization","@id":"https:\/\/thermoarena.com\/#organization","name":"Thermoarena","url":"https:\/\/thermoarena.com\/","logo":{"@type":"ImageObject","inLanguage":"et","@id":"https:\/\/thermoarena.com\/#\/schema\/logo\/image\/","url":"https:\/\/thermoarena.com\/wp-content\/uploads\/2021\/03\/varviline-logo.jpg","contentUrl":"https:\/\/thermoarena.com\/wp-content\/uploads\/2021\/03\/varviline-logo.jpg","width":307,"height":35,"caption":"Thermoarena"},"image":{"@id":"https:\/\/thermoarena.com\/#\/schema\/logo\/image\/"}}]}},"coauthors":[],"author_meta":{"author_link":"https:\/\/thermoarena.com\/et\/author\/teliart\/","display_name":"Teliart"},"relative_dates":{"created":"Posted 2 aastat ago","modified":"Updated 1 kuu ago"},"absolute_dates":{"created":"Posted on 5. m\u00e4rts 2024","modified":"Updated on 4. m\u00e4rts 2026"},"absolute_dates_time":{"created":"Posted on 5. m\u00e4rts 2024 12:50","modified":"Updated on 4. m\u00e4rts 2026 11:02"},"featured_img_caption":"","featured_img":false,"series_order":"","_links":{"self":[{"href":"https:\/\/thermoarena.com\/et\/wp-json\/wp\/v2\/pages\/2498","targetHints":{"allow":["GET"]}}],"collection":[{"href":"https:\/\/thermoarena.com\/et\/wp-json\/wp\/v2\/pages"}],"about":[{"href":"https:\/\/thermoarena.com\/et\/wp-json\/wp\/v2\/types\/page"}],"author":[{"embeddable":true,"href":"https:\/\/thermoarena.com\/et\/wp-json\/wp\/v2\/users\/2"}],"replies":[{"embeddable":true,"href":"https:\/\/thermoarena.com\/et\/wp-json\/wp\/v2\/comments?post=2498"}],"version-history":[{"count":5,"href":"https:\/\/thermoarena.com\/et\/wp-json\/wp\/v2\/pages\/2498\/revisions"}],"predecessor-version":[{"id":2855,"href":"https:\/\/thermoarena.com\/et\/wp-json\/wp\/v2\/pages\/2498\/revisions\/2855"}],"wp:attachment":[{"href":"https:\/\/thermoarena.com\/et\/wp-json\/wp\/v2\/media?parent=2498"}],"curies":[{"name":"wp","href":"https:\/\/api.w.org\/{rel}","templated":true}]}}