{"id":2347,"date":"2024-01-08T20:46:25","date_gmt":"2024-01-08T18:46:25","guid":{"rendered":"https:\/\/thermoarena.com\/?page_id=2347"},"modified":"2024-01-08T20:46:25","modified_gmt":"2024-01-08T18:46:25","slug":"burnblock-est","status":"publish","type":"page","link":"https:\/\/thermoarena.com\/et\/burnblock-est\/","title":{"rendered":"BURNBLOCK"},"content":{"rendered":"\n<p>Meie eesm\u00e4rk on luua uusi v\u00f5imalusi termiliselt modifitseeritud puidu ulatuslikumaks ja kestlikumaks kasutamiseks ka k\u00f5rgema tuleohutusklassiga hoonetel, soodustada keskkonnas\u00e4\u00e4stlikku ja ressursit\u00f5husat majandamist ning aidata kaasa CO\u2082 heitkoguste v\u00e4hendamisele.<\/p>\n\n\n\n<div style=\"height:30px\" aria-hidden=\"true\" class=\"wp-block-spacer\"><\/div>\n\n\n\n<p><\/p>\n\n\n\n<div class=\"wp-block-columns is-layout-flex wp-container-core-columns-is-layout-9d6595d7 wp-block-columns-is-layout-flex\">\n<div class=\"wp-block-column is-layout-flow wp-block-column-is-layout-flow\">\n<p><strong>Seatud eesm\u00e4rgi saavutamiseks oleme loonud t\u00fctarettev\u00f5tte <a href=\"https:\/\/bestnofire.com\/\">BestNoFire<\/a> ning alustanud koost\u00f6\u00f6d Taani ettev\u00f5ttega BURNBLOCK\u00ae.\u00a0<\/strong><\/p>\n\n\n\n<div style=\"height:30px\" aria-hidden=\"true\" class=\"wp-block-spacer\"><\/div>\n\n\n\n<p>Investeerisime spetsiaalselt selleks otstarbeks valmistatud surveseadmesse, mis v\u00f5imaldab immutada erinevatest puiduliikidest ning t\u00f6\u00f6tlustasemel tooteid. K\u00e4situsviisi keskne idee on vaakumsurve abil absorbeerida puitu kindel kogus (kg\/m3) tuleaeglustit. Kogu protsess on arvutiga juhitud ning k\u00f5ik toimingud salvestatakse.<\/p>\n<\/div>\n\n\n\n<div class=\"wp-block-column is-vertically-aligned-top is-layout-flow wp-block-column-is-layout-flow\">\n<figure class=\"wp-block-image size-medium\"><img alt=\"\" decoding=\"async\" width=\"555\" height=\"370\" src=\"http:\/\/thermoarena.com\/wp-content\/uploads\/2023\/12\/20180906_folkeandersen_059-555x370.jpg\" alt=\"\" class=\"wp-image-2283\" srcset=\"https:\/\/thermoarena.com\/wp-content\/uploads\/2023\/12\/20180906_folkeandersen_059-555x370.jpg 555w, https:\/\/thermoarena.com\/wp-content\/uploads\/2023\/12\/20180906_folkeandersen_059-1170x780.jpg 1170w, https:\/\/thermoarena.com\/wp-content\/uploads\/2023\/12\/20180906_folkeandersen_059-768x512.jpg 768w, https:\/\/thermoarena.com\/wp-content\/uploads\/2023\/12\/20180906_folkeandersen_059-1536x1024.jpg 1536w, https:\/\/thermoarena.com\/wp-content\/uploads\/2023\/12\/20180906_folkeandersen_059-2048x1366.jpg 2048w, https:\/\/thermoarena.com\/wp-content\/uploads\/2023\/12\/20180906_folkeandersen_059-168x112.jpg 168w\" sizes=\"(max-width: 555px) 100vw, 555px\" \/><\/figure>\n<\/div>\n<\/div>\n\n\n\n<div class=\"wp-block-columns is-layout-flex wp-container-core-columns-is-layout-9d6595d7 wp-block-columns-is-layout-flex\">\n<div class=\"wp-block-column is-vertically-aligned-top is-layout-flow wp-block-column-is-layout-flow\">\n<figure class=\"wp-block-image size-medium\"><img alt=\"\" decoding=\"async\" width=\"555\" height=\"198\" src=\"http:\/\/thermoarena.com\/wp-content\/uploads\/2023\/12\/Burnblock_logo_green_RGB-555x198.png\" alt=\"\" class=\"wp-image-2285\" srcset=\"https:\/\/thermoarena.com\/wp-content\/uploads\/2023\/12\/Burnblock_logo_green_RGB-555x198.png 555w, https:\/\/thermoarena.com\/wp-content\/uploads\/2023\/12\/Burnblock_logo_green_RGB-1170x418.png 1170w, https:\/\/thermoarena.com\/wp-content\/uploads\/2023\/12\/Burnblock_logo_green_RGB-768x274.png 768w, https:\/\/thermoarena.com\/wp-content\/uploads\/2023\/12\/Burnblock_logo_green_RGB-1536x549.png 1536w, https:\/\/thermoarena.com\/wp-content\/uploads\/2023\/12\/Burnblock_logo_green_RGB-2048x731.png 2048w, https:\/\/thermoarena.com\/wp-content\/uploads\/2023\/12\/Burnblock_logo_green_RGB-260x93.png 260w\" sizes=\"(max-width: 555px) 100vw, 555px\" \/><\/figure>\n<\/div>\n\n\n\n<div class=\"wp-block-column is-layout-flow wp-block-column-is-layout-flow\">\n<ul class=\"wp-block-list\">\n<li>BURNBLOCK\u00ae puhul pole tegemist pinnat\u00f6\u00f6tlusega, vaid surveimmutamisega kogu ristl\u00f5ike ulatuses, mis tagab puittoodete kestva vastavuse B klassi tuletundlikkusele. <\/li>\n\n\n\n<li>BURNBLOCK\u00ae tuleaeglustiga immutatud tooted ei vaja hilisemat pinnat\u00f6\u00f6tlust, et kaitsta aeglustava aine v\u00e4ljauhtumist puidust.\u00a0<\/li>\n\n\n\n<li>Meie kasutatav BURNBLOCK\u00ae tuleaeglusti on 100% looduslik, biolagunev, pH-neutraalne, mittes\u00f6\u00f6vitav ning millele on omistatud Cradle to Cradle Certified\u2122 kuld-taseme sertifikaat.<\/li>\n\n\n\n<li>BURNBLOCK\u00ae tuleaeglustiga immutatud puit pikendab m\u00e4rkimisv\u00e4\u00e4rselt s\u00fcttimise ja leekpunkti vahelist aega, pakkudes seel\u00e4bi tulekahju korral elanikele t\u00e4iendavat ajavaru evakueerumiseks, ning v\u00e4hendab tule leviku kiirust ja kahjustustega kaasnevaid kulusid.<\/li>\n<\/ul>\n\n\n\n<p><\/p>\n<\/div>\n<\/div>\n\n\n\n<p><\/p>\n\n\n\n<p>Kestlik ning vastupidav BURNBLOCK\u00ae tuleaeglustiga immutatut termiliselt modifitseeritud puit loob palju uusi kasutusv\u00f5imalusi kaasaegsete arhitektuursete lahenduste vormistamiseks, nt avalikes hoonetes nagu koolid, lasteaiad, hooldekodud jne.<\/p>\n\n\n\n<p><\/p>\n\n\n\n<p><\/p>\n\n\n\n<p><br><\/p>\n\n\n\n<p><\/p>\n","protected":false},"excerpt":{"rendered":"<p>Meie eesm\u00e4rk on luua uusi v\u00f5imalusi termiliselt modifitseeritud puidu ulatuslikumaks ja kestlikumaks kasutamiseks ka k\u00f5rgema tuleohutusklassiga hoonetel, soodustada keskkonnas\u00e4\u00e4stlikku ja&#8230;<\/p>\n","protected":false},"author":2,"featured_media":0,"parent":0,"menu_order":24,"comment_status":"closed","ping_status":"closed","template":"","meta":{"_acf_changed":false,"_seopress_robots_primary_cat":"","_seopress_titles_title":"","_seopress_titles_desc":"","_seopress_robots_index":"","advgb_blocks_editor_width":"","advgb_blocks_columns_visual_guide":"","_monsterinsights_skip_tracking":false,"_monsterinsights_sitenote_active":false,"_monsterinsights_sitenote_note":"","_monsterinsights_sitenote_category":0,"footnotes":""},"class_list":["post-2347","page","type-page","status-publish","hentry"],"acf":[],"yoast_head":"<!-- This site is optimized with the Yoast SEO plugin v26.0 - https:\/\/yoast.com\/wordpress\/plugins\/seo\/ -->\n<title>BURNBLOCK | Thermoarena<\/title>\n<meta name=\"robots\" content=\"index, follow, max-snippet:-1, max-image-preview:large, max-video-preview:-1\" \/>\n<link rel=\"canonical\" href=\"https:\/\/thermoarena.com\/burnblock\/\" \/>\n<meta property=\"og:locale\" content=\"et_EE\" \/>\n<meta property=\"og:type\" content=\"article\" \/>\n<meta property=\"og:title\" content=\"BURNBLOCK | Thermoarena\" \/>\n<meta property=\"og:url\" content=\"https:\/\/thermoarena.com\/burnblock\/\" \/>\n<meta property=\"og:site_name\" content=\"Thermoarena\" \/>\n<meta property=\"og:image\" content=\"http:\/\/thermoarena.com\/wp-content\/uploads\/2023\/12\/20180906_folkeandersen_059-555x370.jpg\" \/>\n<meta name=\"twitter:card\" content=\"summary_large_image\" \/>\n<meta name=\"twitter:label1\" content=\"Est. reading time\" \/>\n\t<meta name=\"twitter:data1\" content=\"2 minutit\" \/>\n<script type=\"application\/ld+json\" class=\"yoast-schema-graph\">{\"@context\":\"https:\/\/schema.org\",\"@graph\":[{\"@type\":\"WebPage\",\"@id\":\"https:\/\/thermoarena.com\/burnblock\/\",\"url\":\"https:\/\/thermoarena.com\/burnblock\/\",\"name\":\"BURNBLOCK | Thermoarena\",\"isPartOf\":{\"@id\":\"https:\/\/thermoarena.com\/#website\"},\"primaryImageOfPage\":{\"@id\":\"https:\/\/thermoarena.com\/burnblock\/#primaryimage\"},\"image\":{\"@id\":\"https:\/\/thermoarena.com\/burnblock\/#primaryimage\"},\"thumbnailUrl\":\"http:\/\/thermoarena.com\/wp-content\/uploads\/2023\/12\/20180906_folkeandersen_059-555x370.jpg\",\"datePublished\":\"2024-01-08T18:46:25+00:00\",\"breadcrumb\":{\"@id\":\"https:\/\/thermoarena.com\/burnblock\/#breadcrumb\"},\"inLanguage\":\"et\",\"potentialAction\":[{\"@type\":\"ReadAction\",\"target\":[\"https:\/\/thermoarena.com\/burnblock\/\"]}]},{\"@type\":\"ImageObject\",\"inLanguage\":\"et\",\"@id\":\"https:\/\/thermoarena.com\/burnblock\/#primaryimage\",\"url\":\"http:\/\/thermoarena.com\/wp-content\/uploads\/2023\/12\/20180906_folkeandersen_059-555x370.jpg\",\"contentUrl\":\"http:\/\/thermoarena.com\/wp-content\/uploads\/2023\/12\/20180906_folkeandersen_059-555x370.jpg\"},{\"@type\":\"BreadcrumbList\",\"@id\":\"https:\/\/thermoarena.com\/burnblock\/#breadcrumb\",\"itemListElement\":[{\"@type\":\"ListItem\",\"position\":1,\"name\":\"Home\",\"item\":\"https:\/\/thermoarena.com\/et\/\"},{\"@type\":\"ListItem\",\"position\":2,\"name\":\"BURNBLOCK\"}]},{\"@type\":\"WebSite\",\"@id\":\"https:\/\/thermoarena.com\/#website\",\"url\":\"https:\/\/thermoarena.com\/\",\"name\":\"Thermoarena\",\"description\":\"High quality thermowood products\",\"publisher\":{\"@id\":\"https:\/\/thermoarena.com\/#organization\"},\"potentialAction\":[{\"@type\":\"SearchAction\",\"target\":{\"@type\":\"EntryPoint\",\"urlTemplate\":\"https:\/\/thermoarena.com\/?s={search_term_string}\"},\"query-input\":{\"@type\":\"PropertyValueSpecification\",\"valueRequired\":true,\"valueName\":\"search_term_string\"}}],\"inLanguage\":\"et\"},{\"@type\":\"Organization\",\"@id\":\"https:\/\/thermoarena.com\/#organization\",\"name\":\"Thermoarena\",\"url\":\"https:\/\/thermoarena.com\/\",\"logo\":{\"@type\":\"ImageObject\",\"inLanguage\":\"et\",\"@id\":\"https:\/\/thermoarena.com\/#\/schema\/logo\/image\/\",\"url\":\"https:\/\/thermoarena.com\/wp-content\/uploads\/2021\/03\/varviline-logo.jpg\",\"contentUrl\":\"https:\/\/thermoarena.com\/wp-content\/uploads\/2021\/03\/varviline-logo.jpg\",\"width\":307,\"height\":35,\"caption\":\"Thermoarena\"},\"image\":{\"@id\":\"https:\/\/thermoarena.com\/#\/schema\/logo\/image\/\"}}]}<\/script>\n<!-- \/ Yoast SEO plugin. -->","yoast_head_json":{"title":"BURNBLOCK | Thermoarena","robots":{"index":"index","follow":"follow","max-snippet":"max-snippet:-1","max-image-preview":"max-image-preview:large","max-video-preview":"max-video-preview:-1"},"canonical":"https:\/\/thermoarena.com\/burnblock\/","og_locale":"et_EE","og_type":"article","og_title":"BURNBLOCK | Thermoarena","og_url":"https:\/\/thermoarena.com\/burnblock\/","og_site_name":"Thermoarena","og_image":[{"url":"http:\/\/thermoarena.com\/wp-content\/uploads\/2023\/12\/20180906_folkeandersen_059-555x370.jpg","type":"","width":"","height":""}],"twitter_card":"summary_large_image","twitter_misc":{"Est. reading time":"2 minutit"},"schema":{"@context":"https:\/\/schema.org","@graph":[{"@type":"WebPage","@id":"https:\/\/thermoarena.com\/burnblock\/","url":"https:\/\/thermoarena.com\/burnblock\/","name":"BURNBLOCK | Thermoarena","isPartOf":{"@id":"https:\/\/thermoarena.com\/#website"},"primaryImageOfPage":{"@id":"https:\/\/thermoarena.com\/burnblock\/#primaryimage"},"image":{"@id":"https:\/\/thermoarena.com\/burnblock\/#primaryimage"},"thumbnailUrl":"http:\/\/thermoarena.com\/wp-content\/uploads\/2023\/12\/20180906_folkeandersen_059-555x370.jpg","datePublished":"2024-01-08T18:46:25+00:00","breadcrumb":{"@id":"https:\/\/thermoarena.com\/burnblock\/#breadcrumb"},"inLanguage":"et","potentialAction":[{"@type":"ReadAction","target":["https:\/\/thermoarena.com\/burnblock\/"]}]},{"@type":"ImageObject","inLanguage":"et","@id":"https:\/\/thermoarena.com\/burnblock\/#primaryimage","url":"http:\/\/thermoarena.com\/wp-content\/uploads\/2023\/12\/20180906_folkeandersen_059-555x370.jpg","contentUrl":"http:\/\/thermoarena.com\/wp-content\/uploads\/2023\/12\/20180906_folkeandersen_059-555x370.jpg"},{"@type":"BreadcrumbList","@id":"https:\/\/thermoarena.com\/burnblock\/#breadcrumb","itemListElement":[{"@type":"ListItem","position":1,"name":"Home","item":"https:\/\/thermoarena.com\/et\/"},{"@type":"ListItem","position":2,"name":"BURNBLOCK"}]},{"@type":"WebSite","@id":"https:\/\/thermoarena.com\/#website","url":"https:\/\/thermoarena.com\/","name":"Thermoarena","description":"High quality thermowood products","publisher":{"@id":"https:\/\/thermoarena.com\/#organization"},"potentialAction":[{"@type":"SearchAction","target":{"@type":"EntryPoint","urlTemplate":"https:\/\/thermoarena.com\/?s={search_term_string}"},"query-input":{"@type":"PropertyValueSpecification","valueRequired":true,"valueName":"search_term_string"}}],"inLanguage":"et"},{"@type":"Organization","@id":"https:\/\/thermoarena.com\/#organization","name":"Thermoarena","url":"https:\/\/thermoarena.com\/","logo":{"@type":"ImageObject","inLanguage":"et","@id":"https:\/\/thermoarena.com\/#\/schema\/logo\/image\/","url":"https:\/\/thermoarena.com\/wp-content\/uploads\/2021\/03\/varviline-logo.jpg","contentUrl":"https:\/\/thermoarena.com\/wp-content\/uploads\/2021\/03\/varviline-logo.jpg","width":307,"height":35,"caption":"Thermoarena"},"image":{"@id":"https:\/\/thermoarena.com\/#\/schema\/logo\/image\/"}}]}},"coauthors":[],"author_meta":{"author_link":"https:\/\/thermoarena.com\/et\/author\/teliart\/","display_name":"Teliart"},"relative_dates":{"created":"Posted 2 aastat ago","modified":"Updated 2 aastat ago"},"absolute_dates":{"created":"Posted on 8. jaan. 2024","modified":"Updated on 8. jaan. 2024"},"absolute_dates_time":{"created":"Posted on 8. jaan. 2024 08:46","modified":"Updated on 8. jaan. 2024 08:46"},"featured_img_caption":"","featured_img":false,"series_order":"","_links":{"self":[{"href":"https:\/\/thermoarena.com\/et\/wp-json\/wp\/v2\/pages\/2347","targetHints":{"allow":["GET"]}}],"collection":[{"href":"https:\/\/thermoarena.com\/et\/wp-json\/wp\/v2\/pages"}],"about":[{"href":"https:\/\/thermoarena.com\/et\/wp-json\/wp\/v2\/types\/page"}],"author":[{"embeddable":true,"href":"https:\/\/thermoarena.com\/et\/wp-json\/wp\/v2\/users\/2"}],"replies":[{"embeddable":true,"href":"https:\/\/thermoarena.com\/et\/wp-json\/wp\/v2\/comments?post=2347"}],"version-history":[{"count":2,"href":"https:\/\/thermoarena.com\/et\/wp-json\/wp\/v2\/pages\/2347\/revisions"}],"predecessor-version":[{"id":2349,"href":"https:\/\/thermoarena.com\/et\/wp-json\/wp\/v2\/pages\/2347\/revisions\/2349"}],"wp:attachment":[{"href":"https:\/\/thermoarena.com\/et\/wp-json\/wp\/v2\/media?parent=2347"}],"curies":[{"name":"wp","href":"https:\/\/api.w.org\/{rel}","templated":true}]}}