{"id":1043,"date":"2019-04-03T10:24:06","date_gmt":"2019-04-03T07:24:06","guid":{"rendered":"https:\/\/thermoarena.com\/thermal-modification\/"},"modified":"2023-04-05T09:05:28","modified_gmt":"2023-04-05T06:05:28","slug":"puidu-termotootlus","status":"publish","type":"page","link":"https:\/\/thermoarena.com\/et\/puidu-termotootlus\/","title":{"rendered":"Puidu termot\u00f6\u00f6tlus"},"content":{"rendered":"\n<p>Termopuit on oma omadustelt parim ja kestlikuim alternatiiv troopilistele lehtpuudele ja kemikaalidega t\u00f6\u00f6deldud puidule.<\/p>\n\n\n\n<p>Puidu termiline t\u00f6\u00f6tlemine toimub spetsiaalsetes ahjudes k\u00f5rgel temperatuuril. Termot\u00f6\u00f6tluse k\u00e4igus kuumutame puitmaterjali temperatuurini 180\u2013220\u00b0 C ning kaitseme seda samal ajal auruga.  Aur kaitseb puitu, kuid m\u00f5jutab ka puidus toimuvaid keemilisi muutusi. <\/p>\n\n\n\n<p>Tulemuseks on vastupidavad ja stabiilsed puidust tooted.<\/p>\n\n\n\n<p>V\u00e4henenud niiskus muudab materjali m\u00f5\u00f5tmetelt stabiilseks. See t\u00e4hendab, et saematerjal, laud v\u00f5i tala s\u00e4ilitab oma kuju palju paremini kui t\u00f6\u00f6tlemata puit. P\u00e4rast t\u00f6\u00f6tlust v\u00e4heneb puidu niiskusesisaldus umbes 4-6 protsendini. T\u00e4nu sellele ei reageeri termopuit niiskuse muutumisele nii drastiliselt kui t\u00f6\u00f6tlemata puit.<\/p>\n\n\n\n<p><\/p>\n\n\n\n<p> <\/p>\n\n\n\n<div class=\"wp-block-columns is-layout-flex wp-container-core-columns-is-layout-9d6595d7 wp-block-columns-is-layout-flex\">\n<div class=\"wp-block-column is-layout-flow wp-block-column-is-layout-flow\">\n<h2 class=\"wp-block-heading\"><strong>Termiliselt t\u00f6\u00f6deldud puidu eelised:<\/strong><\/h2>\n\n\n\n<p><\/p>\n\n\n\n<ul class=\"wp-block-list\">\n<li>100% looduslik t\u00f6\u00f6tlus &#8211; protsessis kasutatakse ainult k\u00f5rget temperatuuri ja veeauru.<\/li>\n\n\n\n<li>T\u00e4ielik t\u00f6\u00f6tlus kogu ristl\u00f5ike ulatuses mitte ainult pinna l\u00e4hedal, nagu n\u00e4iteks kemikaalidega immutatud puidu puhul<\/li>\n\n\n\n<li>Vaiguvaba<\/li>\n\n\n\n<li>Sobib igasse kliimasse<\/li>\n\n\n\n<li>Suureneb puidu m\u00f5\u00f5tmete stabiilsus ja puidu vastupidavus<\/li>\n\n\n\n<li>Vee imendumise v\u00e4henemine<\/li>\n\n\n\n<li>V\u00e4hem niiskuse muutustest tingitud deformatsioone ja pingeid<\/li>\n\n\n\n<li>Keskkonnas\u00f5bralik ja t\u00e4ielikult taaskasutatav<\/li>\n<\/ul>\n\n\n\n<p><\/p>\n\n\n\n<p><\/p>\n\n\n\n<p><\/p>\n\n\n\n<p><\/p>\n\n\n\n<p><\/p>\n\n\n\n<p>Nagu ka k\u00f5ik teised puidust tooted, muutub ka termiliselt t\u00f6\u00f6deldud puit v\u00e4listingimustes UV-kiirte ja ilmastiku m\u00f5jul tuhmiks. Selle v\u00e4ltimiseks tuleb puidu pinda t\u00f6\u00f6delda UV-kiirte eest kaitsva vahendiga.<\/p>\n\n\n\n<p><\/p>\n\n\n\n<p><\/p>\n<\/div>\n\n\n\n<div class=\"wp-block-column is-layout-flow wp-block-column-is-layout-flow\">\n<figure class=\"wp-block-image size-medium\"><img alt=\"\" decoding=\"async\" width=\"555\" height=\"357\" src=\"http:\/\/thermoarena.com\/wp-content\/uploads\/2019\/04\/TM-timber-555x357.jpg\" alt=\"\" class=\"wp-image-302\" srcset=\"https:\/\/thermoarena.com\/wp-content\/uploads\/2019\/04\/TM-timber-555x357.jpg 555w, https:\/\/thermoarena.com\/wp-content\/uploads\/2019\/04\/TM-timber-174x112.jpg 174w, https:\/\/thermoarena.com\/wp-content\/uploads\/2019\/04\/TM-timber.jpg 653w\" sizes=\"(max-width: 555px) 100vw, 555px\" \/><\/figure>\n<\/div>\n<\/div>\n\n\n\n<p>Vastavalt Euroopa Standardile EN350: 2016 jagunevad puiduliigid viide vastupidavusklassi:<\/p>\n\n\n\n<p><\/p>\n\n\n\n<div class=\"wp-block-group advgb-dyn-f2a6aa86\"><div class=\"wp-block-group__inner-container is-layout-flow wp-block-group-is-layout-flow\">\n<table class=\"wp-block-advgb-table advgb-table-frontend is-style-stripes\" style=\"table-layout:fixed\"><tbody><tr><td style=\"text-align:center\">Vastupidavus<\/td><td style=\"text-align:center\">Vastupidavusklass 1<br>V\u00e4ga vastupidav<\/td><td style=\"text-align:center\">Vastupidavusklass 2<br>Vastupidav<\/td><td style=\"text-align:center\">Vastupidavusklass 3<br>M\u00f5\u00f5dukalt vastupidav<\/td><td style=\"text-align:center\">Vastupidavusklass 4<br>Kergelt vastupidav<\/td><td style=\"text-align:center\">Vastupidavusklass 5<br>Mitte vastupidav<\/td><\/tr><tr><td style=\"text-align:center\">Vastupidavuse aeg<\/td><td style=\"text-align:center\">\u00dcle 25 aasta<\/td><td style=\"text-align:center\">15-25 aastat<\/td><td style=\"text-align:center\">10-15 aastat<\/td><td style=\"text-align:center\">5-10 aastat<\/td><td style=\"text-align:center\">Kuni 5 aastat<\/td><\/tr><tr><td style=\"text-align:center\">Puuliik<\/td><td style=\"text-align:center\">Termosaar<br>Tiigipuu<br>Ipe<\/td><td style=\"text-align:center\">Termom\u00e4nd<br>Termoayous<br>Termokuusk<br>Euroopa tamm<\/td><td style=\"text-align:center\">Istanduse tiigipuu<br>Siberi lehis<\/td><td style=\"text-align:center\">M\u00e4nd<br>Kuusk<br>Punane tamm<\/td><td style=\"text-align:center\">Saar<br>Ayous<br>P\u00f6\u00f6k<br>Vaher<\/td><\/tr><\/tbody><\/table>\n<\/div><\/div>\n\n\n\n<p><\/p>\n\n\n\n<p><\/p>\n\n\n\n<p><\/p>\n\n\n","protected":false},"excerpt":{"rendered":"<p>Termopuit on oma omadustelt parim ja kestlikuim alternatiiv troopilistele lehtpuudele ja kemikaalidega t\u00f6\u00f6deldud puidule. Puidu termiline t\u00f6\u00f6tlemine toimub spetsiaalsetes ahjudes&#8230;<\/p>\n","protected":false},"author":2,"featured_media":0,"parent":0,"menu_order":25,"comment_status":"closed","ping_status":"closed","template":"","meta":{"_acf_changed":false,"_seopress_robots_primary_cat":"","_seopress_titles_title":"","_seopress_titles_desc":"","_seopress_robots_index":"","advgb_blocks_editor_width":"","advgb_blocks_columns_visual_guide":"","_monsterinsights_skip_tracking":false,"_monsterinsights_sitenote_active":false,"_monsterinsights_sitenote_note":"","_monsterinsights_sitenote_category":0,"footnotes":""},"class_list":["post-1043","page","type-page","status-publish","hentry"],"acf":[],"yoast_head":"<!-- This site is optimized with the Yoast SEO plugin v26.0 - https:\/\/yoast.com\/wordpress\/plugins\/seo\/ -->\n<title>Puidu termot\u00f6\u00f6tlus | Thermoarena<\/title>\n<meta name=\"robots\" content=\"index, follow, max-snippet:-1, max-image-preview:large, max-video-preview:-1\" \/>\n<link rel=\"canonical\" href=\"https:\/\/thermoarena.com\/thermal-modification\/\" \/>\n<meta property=\"og:locale\" content=\"et_EE\" \/>\n<meta property=\"og:type\" content=\"article\" \/>\n<meta property=\"og:title\" content=\"Puidu termot\u00f6\u00f6tlus | Thermoarena\" \/>\n<meta property=\"og:url\" content=\"https:\/\/thermoarena.com\/thermal-modification\/\" \/>\n<meta property=\"og:site_name\" content=\"Thermoarena\" \/>\n<meta property=\"article:modified_time\" content=\"2023-04-05T06:05:28+00:00\" \/>\n<meta property=\"og:image\" content=\"http:\/\/thermoarena.com\/wp-content\/uploads\/2019\/04\/TM-timber-555x357.jpg\" \/>\n<meta name=\"twitter:card\" content=\"summary_large_image\" \/>\n<meta name=\"twitter:label1\" content=\"Est. reading time\" \/>\n\t<meta name=\"twitter:data1\" content=\"2 minutit\" \/>\n<script type=\"application\/ld+json\" class=\"yoast-schema-graph\">{\"@context\":\"https:\/\/schema.org\",\"@graph\":[{\"@type\":\"WebPage\",\"@id\":\"https:\/\/thermoarena.com\/thermal-modification\/\",\"url\":\"https:\/\/thermoarena.com\/thermal-modification\/\",\"name\":\"Puidu termot\u00f6\u00f6tlus | Thermoarena\",\"isPartOf\":{\"@id\":\"https:\/\/thermoarena.com\/#website\"},\"primaryImageOfPage\":{\"@id\":\"https:\/\/thermoarena.com\/thermal-modification\/#primaryimage\"},\"image\":{\"@id\":\"https:\/\/thermoarena.com\/thermal-modification\/#primaryimage\"},\"thumbnailUrl\":\"http:\/\/thermoarena.com\/wp-content\/uploads\/2019\/04\/TM-timber-555x357.jpg\",\"datePublished\":\"2019-04-03T07:24:06+00:00\",\"dateModified\":\"2023-04-05T06:05:28+00:00\",\"breadcrumb\":{\"@id\":\"https:\/\/thermoarena.com\/thermal-modification\/#breadcrumb\"},\"inLanguage\":\"et\",\"potentialAction\":[{\"@type\":\"ReadAction\",\"target\":[\"https:\/\/thermoarena.com\/thermal-modification\/\"]}]},{\"@type\":\"ImageObject\",\"inLanguage\":\"et\",\"@id\":\"https:\/\/thermoarena.com\/thermal-modification\/#primaryimage\",\"url\":\"http:\/\/thermoarena.com\/wp-content\/uploads\/2019\/04\/TM-timber-555x357.jpg\",\"contentUrl\":\"http:\/\/thermoarena.com\/wp-content\/uploads\/2019\/04\/TM-timber-555x357.jpg\"},{\"@type\":\"BreadcrumbList\",\"@id\":\"https:\/\/thermoarena.com\/thermal-modification\/#breadcrumb\",\"itemListElement\":[{\"@type\":\"ListItem\",\"position\":1,\"name\":\"Home\",\"item\":\"https:\/\/thermoarena.com\/et\/\"},{\"@type\":\"ListItem\",\"position\":2,\"name\":\"Puidu termot\u00f6\u00f6tlus\"}]},{\"@type\":\"WebSite\",\"@id\":\"https:\/\/thermoarena.com\/#website\",\"url\":\"https:\/\/thermoarena.com\/\",\"name\":\"Thermoarena\",\"description\":\"High quality thermowood products\",\"publisher\":{\"@id\":\"https:\/\/thermoarena.com\/#organization\"},\"potentialAction\":[{\"@type\":\"SearchAction\",\"target\":{\"@type\":\"EntryPoint\",\"urlTemplate\":\"https:\/\/thermoarena.com\/?s={search_term_string}\"},\"query-input\":{\"@type\":\"PropertyValueSpecification\",\"valueRequired\":true,\"valueName\":\"search_term_string\"}}],\"inLanguage\":\"et\"},{\"@type\":\"Organization\",\"@id\":\"https:\/\/thermoarena.com\/#organization\",\"name\":\"Thermoarena\",\"url\":\"https:\/\/thermoarena.com\/\",\"logo\":{\"@type\":\"ImageObject\",\"inLanguage\":\"et\",\"@id\":\"https:\/\/thermoarena.com\/#\/schema\/logo\/image\/\",\"url\":\"https:\/\/thermoarena.com\/wp-content\/uploads\/2021\/03\/varviline-logo.jpg\",\"contentUrl\":\"https:\/\/thermoarena.com\/wp-content\/uploads\/2021\/03\/varviline-logo.jpg\",\"width\":307,\"height\":35,\"caption\":\"Thermoarena\"},\"image\":{\"@id\":\"https:\/\/thermoarena.com\/#\/schema\/logo\/image\/\"}}]}<\/script>\n<!-- \/ Yoast SEO plugin. -->","yoast_head_json":{"title":"Puidu termot\u00f6\u00f6tlus | Thermoarena","robots":{"index":"index","follow":"follow","max-snippet":"max-snippet:-1","max-image-preview":"max-image-preview:large","max-video-preview":"max-video-preview:-1"},"canonical":"https:\/\/thermoarena.com\/thermal-modification\/","og_locale":"et_EE","og_type":"article","og_title":"Puidu termot\u00f6\u00f6tlus | Thermoarena","og_url":"https:\/\/thermoarena.com\/thermal-modification\/","og_site_name":"Thermoarena","article_modified_time":"2023-04-05T06:05:28+00:00","og_image":[{"url":"http:\/\/thermoarena.com\/wp-content\/uploads\/2019\/04\/TM-timber-555x357.jpg","type":"","width":"","height":""}],"twitter_card":"summary_large_image","twitter_misc":{"Est. reading time":"2 minutit"},"schema":{"@context":"https:\/\/schema.org","@graph":[{"@type":"WebPage","@id":"https:\/\/thermoarena.com\/thermal-modification\/","url":"https:\/\/thermoarena.com\/thermal-modification\/","name":"Puidu termot\u00f6\u00f6tlus | Thermoarena","isPartOf":{"@id":"https:\/\/thermoarena.com\/#website"},"primaryImageOfPage":{"@id":"https:\/\/thermoarena.com\/thermal-modification\/#primaryimage"},"image":{"@id":"https:\/\/thermoarena.com\/thermal-modification\/#primaryimage"},"thumbnailUrl":"http:\/\/thermoarena.com\/wp-content\/uploads\/2019\/04\/TM-timber-555x357.jpg","datePublished":"2019-04-03T07:24:06+00:00","dateModified":"2023-04-05T06:05:28+00:00","breadcrumb":{"@id":"https:\/\/thermoarena.com\/thermal-modification\/#breadcrumb"},"inLanguage":"et","potentialAction":[{"@type":"ReadAction","target":["https:\/\/thermoarena.com\/thermal-modification\/"]}]},{"@type":"ImageObject","inLanguage":"et","@id":"https:\/\/thermoarena.com\/thermal-modification\/#primaryimage","url":"http:\/\/thermoarena.com\/wp-content\/uploads\/2019\/04\/TM-timber-555x357.jpg","contentUrl":"http:\/\/thermoarena.com\/wp-content\/uploads\/2019\/04\/TM-timber-555x357.jpg"},{"@type":"BreadcrumbList","@id":"https:\/\/thermoarena.com\/thermal-modification\/#breadcrumb","itemListElement":[{"@type":"ListItem","position":1,"name":"Home","item":"https:\/\/thermoarena.com\/et\/"},{"@type":"ListItem","position":2,"name":"Puidu termot\u00f6\u00f6tlus"}]},{"@type":"WebSite","@id":"https:\/\/thermoarena.com\/#website","url":"https:\/\/thermoarena.com\/","name":"Thermoarena","description":"High quality thermowood products","publisher":{"@id":"https:\/\/thermoarena.com\/#organization"},"potentialAction":[{"@type":"SearchAction","target":{"@type":"EntryPoint","urlTemplate":"https:\/\/thermoarena.com\/?s={search_term_string}"},"query-input":{"@type":"PropertyValueSpecification","valueRequired":true,"valueName":"search_term_string"}}],"inLanguage":"et"},{"@type":"Organization","@id":"https:\/\/thermoarena.com\/#organization","name":"Thermoarena","url":"https:\/\/thermoarena.com\/","logo":{"@type":"ImageObject","inLanguage":"et","@id":"https:\/\/thermoarena.com\/#\/schema\/logo\/image\/","url":"https:\/\/thermoarena.com\/wp-content\/uploads\/2021\/03\/varviline-logo.jpg","contentUrl":"https:\/\/thermoarena.com\/wp-content\/uploads\/2021\/03\/varviline-logo.jpg","width":307,"height":35,"caption":"Thermoarena"},"image":{"@id":"https:\/\/thermoarena.com\/#\/schema\/logo\/image\/"}}]}},"coauthors":[],"author_meta":{"author_link":"https:\/\/thermoarena.com\/et\/author\/teliart\/","display_name":"Teliart"},"relative_dates":{"created":"Posted 7 aastat ago","modified":"Updated 3 aastat ago"},"absolute_dates":{"created":"Posted on 3. apr. 2019","modified":"Updated on 5. apr. 2023"},"absolute_dates_time":{"created":"Posted on 3. apr. 2019 10:24","modified":"Updated on 5. apr. 2023 09:05"},"featured_img_caption":"","featured_img":false,"series_order":"","_links":{"self":[{"href":"https:\/\/thermoarena.com\/et\/wp-json\/wp\/v2\/pages\/1043","targetHints":{"allow":["GET"]}}],"collection":[{"href":"https:\/\/thermoarena.com\/et\/wp-json\/wp\/v2\/pages"}],"about":[{"href":"https:\/\/thermoarena.com\/et\/wp-json\/wp\/v2\/types\/page"}],"author":[{"embeddable":true,"href":"https:\/\/thermoarena.com\/et\/wp-json\/wp\/v2\/users\/2"}],"replies":[{"embeddable":true,"href":"https:\/\/thermoarena.com\/et\/wp-json\/wp\/v2\/comments?post=1043"}],"version-history":[{"count":5,"href":"https:\/\/thermoarena.com\/et\/wp-json\/wp\/v2\/pages\/1043\/revisions"}],"predecessor-version":[{"id":1756,"href":"https:\/\/thermoarena.com\/et\/wp-json\/wp\/v2\/pages\/1043\/revisions\/1756"}],"wp:attachment":[{"href":"https:\/\/thermoarena.com\/et\/wp-json\/wp\/v2\/media?parent=1043"}],"curies":[{"name":"wp","href":"https:\/\/api.w.org\/{rel}","templated":true}]}}