{"id":1039,"date":"2019-04-03T10:20:40","date_gmt":"2019-04-03T07:20:40","guid":{"rendered":"https:\/\/thermoarena.com\/about-us\/"},"modified":"2024-02-18T20:25:43","modified_gmt":"2024-02-18T18:25:43","slug":"meist","status":"publish","type":"page","link":"https:\/\/thermoarena.com\/et\/meist\/","title":{"rendered":"Meist"},"content":{"rendered":"\n<p><\/p>\n\n\n\n<p>Thermoarena on kiiresti kasvav ja arenev puidu termilise t\u00f6\u00f6tlemisega tegelev ettev\u00f5te J\u00e4rvamaal.<\/p>\n\n\n\n<p>Toodame aastas \u00fcle 28 000 m3 termopuitu. Meie p\u00f5hivaldkond on v\u00e4lisviimistlus (voodrilauad ja terrassid). Enamiku ekspordime 30 riiki \u00fcle kogu maailma. Pakume termopuitu nii materjalina kui ka termot\u00f6\u00f6tlust teenusena. Oleme osa s\u00e4\u00e4stvast tarneahelast (PEFC litsents nr PEFC\/19-31-36) \/ FSC\u00ae C114364) ja eeldame vastutustundlikkust ning keskkonnateadlikkust oma koost\u00f6\u00f6partneritelt.<\/p>\n\n\n\n<p><\/p>\n\n\n\n<p>Meie v\u00f5tmet\u00f6\u00f6tajad on detailideni kursis erinevate puiduliikide \u201ehingeeluga\u201c ning tehnoloogiliste v\u00f5imalustega. Tegutseme pideva t\u00e4iustamise ja uuenduste keskkonnas. Meie tootevaliku, viimistlusviiside ning kasutusvaldkondade arendamine on pidev protsess. Juurutame uusi tehnoloogiaid ja otsime v\u00f5imalusi tootmise t\u00f5hustamiseks.<\/p>\n\n\n\n<p><\/p>\n\n\n\n<p>Juba aastaid on meie krediidireiting t\u00e4nu tublidele finantstulemustele ja maksek\u00e4itumisele AA ehk suurep\u00e4rane ning oleme kuulunud kolm aastat Eesti k\u00f5ige kiiremini kasvavate ettev\u00f5tete edetabelisse \u2013 \u00c4rip\u00e4eva Gaselli TOPi.<\/p>\n\n\n\n<p><\/p>\n\n\n\n<p>Thermoarena tooted on loodud m\u00f5eldes tulevikule, inimesele ja loodusele. Meie missioon on panustada v\u00e4\u00e4rtuslikku ja j\u00e4tkusuutlikku elukeskkonda. Ressursit\u00f5husad t\u00f6\u00f6meetodid, reostuse ja j\u00e4\u00e4kide minimeerimine ja muud keskkonnakaalutlused on loomulik osa meie igap\u00e4evategevusest. Usume, et inimese jalaj\u00e4lge looduses on v\u00f5imalik s\u00e4\u00e4stva ehitusega v\u00e4hendada.<\/p>\n\n\n\n<p><\/p>\n\n\n\n<p>Meie meeskond armastab kaaluda, testida ja ellu viia p\u00f5nevaid m\u00f5tteid \u2013 <strong><a href=\"https:\/\/thermoarena.com\/et\/kontaktid\/\" target=\"_blank\" rel=\"noreferrer noopener\">ootame sinu k\u00fcsimusi, ideid ja ettepanekuid!<\/a><\/strong><\/p>\n\n\n\n<p><\/p>\n\n\n\n<div class=\"wp-block-group has-white-background-color has-background\"><div class=\"wp-block-group__inner-container is-layout-flow wp-block-group-is-layout-flow\">\n<div class=\"wp-block-advgb-columns advgb-columns-wrapper\" id=\"advgb-cols-bd623fef-2025-4cbe-b1f3-a855a0fab807\"><div class=\"advgb-columns-container\"><div class=\"advgb-columns advgb-columns-row advgb-is-mobile columns-valign-middle advgb-columns-5 layout-five mbl-layout-stacked vgutter-10\">\n<div class=\"wp-block-advgb-column advgb-column advgb-is-one-fifth-tablet advgb-is-full-mobile\" id=\"advgb-col-3f20b457-0651-4496-8178-2c8b642c6b4c\"><div class=\"advgb-column-inner\" style=\"border-style:none;border-width:1px\">\n<div class=\"wp-block-advgb-count-up advgb-count-up count-up-22eeacd2-5ee2-4dab-ae57-cc9c046f7d07\" style=\"display:flex\"><div class=\"advgb-count-up-columns-one\"><h4 class=\"advgb-count-up-header\">kuupmeetrit termopuitu aastas <\/h4><div class=\"advgb-counter\" style=\"font-size:55px\"><span class=\"advgb-counter-number\">28000<\/span><span class=\"advgb-counter-symbol\">+<\/span><\/div><p class=\"advgb-count-up-desc\"><\/p><\/div><\/div>\n<\/div><\/div>\n\n\n\n<div class=\"wp-block-advgb-column advgb-column advgb-is-one-fifth-tablet advgb-is-full-mobile\" id=\"advgb-col-1c801432-5bea-46c1-a026-f751941ffefa\"><div class=\"advgb-column-inner\" style=\"border-style:none;border-width:1px\">\n<div class=\"wp-block-advgb-count-up advgb-count-up count-up-7bc077f0-1b03-4d38-9d14-5966912c7d30\" style=\"display:flex\"><div class=\"advgb-count-up-columns-one\"><h4 class=\"advgb-count-up-header\">ekspordime \u00fcle<\/h4><div class=\"advgb-counter\" style=\"font-size:55px\"><span class=\"advgb-counter-number\">90<\/span><span class=\"advgb-counter-symbol\">%<\/span><\/div><p class=\"advgb-count-up-desc\"><\/p><\/div><\/div>\n<\/div><\/div>\n\n\n\n<div class=\"wp-block-advgb-column advgb-column advgb-is-one-fifth-tablet advgb-is-full-mobile\" id=\"advgb-col-c0a80288-0d96-439b-bdd3-cb34fbff3f67\"><div class=\"advgb-column-inner\" style=\"border-style:none;border-width:1px\">\n<div class=\"wp-block-advgb-count-up advgb-count-up count-up-e7140fee-8d8f-4993-afe2-22b25b3ab6ab\" style=\"display:flex\"><div class=\"advgb-count-up-columns-one\"><h4 class=\"advgb-count-up-header\">riike, kus meie tooteid kasutatakse<\/h4><div class=\"advgb-counter\" style=\"font-size:55px\"><span class=\"advgb-counter-number\">30<\/span><span class=\"advgb-counter-symbol\">+<\/span><\/div><p class=\"advgb-count-up-desc\"><\/p><\/div><\/div>\n<\/div><\/div>\n\n\n\n<div class=\"wp-block-advgb-column advgb-column advgb-is-one-fifth-tablet advgb-is-full-mobile\" id=\"advgb-col-6913be43-4fd1-482a-8bb8-72815812acdb\"><div class=\"advgb-column-inner\" style=\"border-style:none;border-width:1px\">\n<div class=\"wp-block-advgb-count-up advgb-count-up count-up-faa652aa-23a1-4945-9347-0498e1a6e593\" style=\"display:flex\"><div class=\"advgb-count-up-columns-one\"><h4 class=\"advgb-count-up-header\">aastaid kogemusi<\/h4><div class=\"advgb-counter\" style=\"font-size:55px\"><span class=\"advgb-counter-number\">20<\/span><span class=\"advgb-counter-symbol\">+<\/span><\/div><p class=\"advgb-count-up-desc\"><\/p><\/div><\/div>\n<\/div><\/div>\n\n\n\n<div class=\"wp-block-advgb-column advgb-column advgb-is-one-fifth-tablet advgb-is-full-mobile\" id=\"advgb-col-4f01657c-553d-4984-b7d9-7e6c4edd9d2a\"><div class=\"advgb-column-inner\" style=\"border-style:none;border-width:1px\">\n<div class=\"wp-block-advgb-count-up advgb-count-up count-up-3c16e02b-943f-41cc-a25e-5b10b29a47b9\" style=\"display:flex\"><div class=\"advgb-count-up-columns-one\"><h4 class=\"advgb-count-up-header\">krediidireiting<\/h4><div class=\"advgb-counter\" style=\"font-size:55px\"><span class=\"advgb-counter-number\">AA<\/span><\/div><p class=\"advgb-count-up-desc\"><\/p><\/div><\/div>\n<\/div><\/div>\n<\/div><\/div><\/div>\n<\/div><\/div>\n\n\n\n<p><\/p>\n\n\n<div class=\"wp-block-image\">\n<figure class=\"aligncenter size-large\"><img alt=\"\" decoding=\"async\" width=\"1170\" height=\"455\" src=\"http:\/\/thermoarena.com\/wp-content\/uploads\/2021\/01\/about-us-1-1170x455.jpg\" alt=\"\" class=\"wp-image-767\" srcset=\"https:\/\/thermoarena.com\/wp-content\/uploads\/2021\/01\/about-us-1-1170x455.jpg 1170w, https:\/\/thermoarena.com\/wp-content\/uploads\/2021\/01\/about-us-1-555x216.jpg 555w, https:\/\/thermoarena.com\/wp-content\/uploads\/2021\/01\/about-us-1-768x299.jpg 768w, https:\/\/thermoarena.com\/wp-content\/uploads\/2021\/01\/about-us-1-260x101.jpg 260w, https:\/\/thermoarena.com\/wp-content\/uploads\/2021\/01\/about-us-1.jpg 1332w\" sizes=\"(max-width: 1170px) 100vw, 1170px\" \/><\/figure><\/div>\n\n\n<h2 class=\"wp-block-heading\">Termopuidu kestlikkus<\/h2>\n\n\n\n<p>Puit on k\u00fcll taastuv loodusvara, kuid samas piiratud ressurss. Ehitusmaterjalina aitab puidu kasutamine v\u00e4hendada \u00f6koloogilist jalaj\u00e4lge ning edendada keskkonnateadlikku k\u00e4itumist. Kui soovime igap\u00e4evaselt oma elukeskkonnas puidu ilu ja funktsionaalsust rohkem m\u00e4rgata, tuleb kasutatavate toodete eluiga pikendada.<\/p>\n\n\n\n<p>T\u00e4nap\u00e4eva linnakeskkonnas on massiliselt betooni, terast ja plasti. Nende materjalide tootmine ja kasutamine tekitavad olulise keskkonnajalaj\u00e4lje. Kuna hooned tekitavad suure osa s\u00fcsinikdioksiidi heitkogustest (40%), on kinnisvara- ja ehitussektor kliimaprobleemi keskmes.<\/p>\n\n\n\n<p>CO2 v\u00e4hendamiseks atmosf\u00e4\u00e4ris on kaks v\u00f5imalust &#8211; v\u00e4hendada s\u00fcsinikuallikaid ja suurendada s\u00fcsiniku neeldajaid. Puit on s\u00fcsiniknegatiivne materjal, kui see on eetiliselt hangitud, t\u00f6\u00f6deldud ja kasutatud.<\/p>\n\n\n\n<p>Esiteks on puittoodetel eriti madala s\u00fcsinikusisaldusega jalaj\u00e4lg. Terase, alumiiniumi, betooni ja komposiitmaterjalide tootmiseks on vaja oluliselt rohkem energiat.<\/p>\n\n\n\n<p>10% rohkem puitmaju tooks Euroopas piisava CO2 kokkuhoiu, et v\u00e4hendada Kyoto protokolliga eesm\u00e4rgiks v\u00f5etud emissiooni 25%.<\/p>\n\n\n\n<p>Teiseks \u00fchendavad kasvavad puud fotos\u00fcnteesi k\u00e4igus CO2 mullast saadud veega orgaaniliseks puiduks. Puitkonstruktsioon toimib s\u00fcsiniku sidujana ning termopuidu eelis tavapuidu ees on see, et see on praktiliselt 100% taaskasutatav.<\/p>\n\n\n\n<p>Iga kuupmeeter puitu, mida kasutatakse alternatiivina teistele ehitusmaterjalidele, v\u00e4hendab CO2-heidet atmosf\u00e4\u00e4ri keskmiselt 1,1 tonni. Kui sellele lisada 0,9 tonni puidus ladustatud CO2, s\u00e4\u00e4stab iga kuupmeeter puitu kokku 2 tonni CO2.<\/p>\n\n\n\n<p><\/p>\n\n\n\n<p><\/p>\n\n\n\n<h2 class=\"wp-block-heading\">Termopuidu omadused avavad uusi v\u00f5imalusi<\/h2>\n\n\n\n<p>Arhitektid ja insenerid eelistavad \u00fcha enam looduslikke ja inims\u00f5bralikke lahendusi ning soovivad v\u00e4ltida kemikaalidega t\u00f6\u00f6deldud toodete kasutamist.<\/p>\n\n\n\n<p>Puit on naturaalne, ilus, heade f\u00fc\u00fcsikaliste omadustega ja CO2 suhtes neutraalne.<br>Et ehituses rohkem puitu kasutada, on vajalik puittoodete eluiga pikendada, sest ressursi taastumine kasvava metsa kujul n\u00f5uab piisavalt aega. Puidu termiline t\u00f6\u00f6tlemine tagab materjali kasutamiseks pikema eluea.<\/p>\n\n\n\n<p>Termopuit valmib spetsiaalsetes k\u00f5rge temperatuuriga kuivatusahjudes. Kemikaalivaba termot\u00f6\u00f6tluse tulemuseks on stabiilsem ja vastupidavam toode, mis sobib ka karmimatesse ilmastikuoludesse. Termopuit sobib ideaalselt fassaadide ja terrasside katmiseks.<\/p>\n\n\n\n<p>Avalike hoonete puhul nagu koolid, lasteaiad, hooldekodud jne on lisaks vastupidavusele oluline puitmaterjalide k\u00f5rgem tulekindlus.<\/p>\n\n\n\n<p>Kasutame termopuidu tulekindluse t\u00f5stmiseks <a href=\"https:\/\/thermoarena.com\/et\/voodrilauad\/tulekaitse-vahendiga-sugavimmutatud-voodrialuad\/\" target=\"_blank\" rel=\"noreferrer noopener\">Burnblock tuleaeglustajaga<\/a> immutamist. See on 100% looduslik, biolagunev, ph \u2013neutraalne ja mittekorrudeeruv aine.<\/p>\n\n\n\n<p>Burnblock p\u00e4lvis oma kategoorias esimesena C2C ehk H\u00e4llist H\u00e4llini ringmajanduse sertifikaadi.<\/p>\n<style class=\"advgb-styles-renderer\">#advgb-col-3f20b457-0651-4496-8178-2c8b642c6b4c>.advgb-column-inner{}@media screen and (max-width: 1023px) {#advgb-col-3f20b457-0651-4496-8178-2c8b642c6b4c>.advgb-column-inner{}}@media screen and (max-width: 767px) {#advgb-col-3f20b457-0651-4496-8178-2c8b642c6b4c>.advgb-column-inner{}}#advgb-col-1c801432-5bea-46c1-a026-f751941ffefa>.advgb-column-inner{}@media screen and (max-width: 1023px) {#advgb-col-1c801432-5bea-46c1-a026-f751941ffefa>.advgb-column-inner{}}@media screen and (max-width: 767px) {#advgb-col-1c801432-5bea-46c1-a026-f751941ffefa>.advgb-column-inner{}}#advgb-col-c0a80288-0d96-439b-bdd3-cb34fbff3f67>.advgb-column-inner{}@media screen and (max-width: 1023px) {#advgb-col-c0a80288-0d96-439b-bdd3-cb34fbff3f67>.advgb-column-inner{}}@media screen and (max-width: 767px) {#advgb-col-c0a80288-0d96-439b-bdd3-cb34fbff3f67>.advgb-column-inner{}}#advgb-col-6913be43-4fd1-482a-8bb8-72815812acdb>.advgb-column-inner{}@media screen and (max-width: 1023px) {#advgb-col-6913be43-4fd1-482a-8bb8-72815812acdb>.advgb-column-inner{}}@media screen and (max-width: 767px) {#advgb-col-6913be43-4fd1-482a-8bb8-72815812acdb>.advgb-column-inner{}}#advgb-col-4f01657c-553d-4984-b7d9-7e6c4edd9d2a>.advgb-column-inner{}@media screen and (max-width: 1023px) {#advgb-col-4f01657c-553d-4984-b7d9-7e6c4edd9d2a>.advgb-column-inner{}}@media screen and (max-width: 767px) {#advgb-col-4f01657c-553d-4984-b7d9-7e6c4edd9d2a>.advgb-column-inner{}}#advgb-cols-bd623fef-2025-4cbe-b1f3-a855a0fab807{}@media screen and (max-width: 1023px) {#advgb-cols-bd623fef-2025-4cbe-b1f3-a855a0fab807{}}@media screen and (max-width: 767px) {#advgb-cols-bd623fef-2025-4cbe-b1f3-a855a0fab807{}}#advgb-col-3f20b457-0651-4496-8178-2c8b642c6b4c>.advgb-column-inner{}@media screen and (max-width: 1023px) {#advgb-col-3f20b457-0651-4496-8178-2c8b642c6b4c>.advgb-column-inner{}}@media screen and (max-width: 767px) {#advgb-col-3f20b457-0651-4496-8178-2c8b642c6b4c>.advgb-column-inner{}}#advgb-col-1c801432-5bea-46c1-a026-f751941ffefa>.advgb-column-inner{}@media screen and (max-width: 1023px) {#advgb-col-1c801432-5bea-46c1-a026-f751941ffefa>.advgb-column-inner{}}@media screen and (max-width: 767px) {#advgb-col-1c801432-5bea-46c1-a026-f751941ffefa>.advgb-column-inner{}}#advgb-col-c0a80288-0d96-439b-bdd3-cb34fbff3f67>.advgb-column-inner{}@media screen and (max-width: 1023px) {#advgb-col-c0a80288-0d96-439b-bdd3-cb34fbff3f67>.advgb-column-inner{}}@media screen and (max-width: 767px) {#advgb-col-c0a80288-0d96-439b-bdd3-cb34fbff3f67>.advgb-column-inner{}}#advgb-col-6913be43-4fd1-482a-8bb8-72815812acdb>.advgb-column-inner{}@media screen and (max-width: 1023px) {#advgb-col-6913be43-4fd1-482a-8bb8-72815812acdb>.advgb-column-inner{}}@media screen and (max-width: 767px) {#advgb-col-6913be43-4fd1-482a-8bb8-72815812acdb>.advgb-column-inner{}}#advgb-col-4f01657c-553d-4984-b7d9-7e6c4edd9d2a>.advgb-column-inner{}@media screen and (max-width: 1023px) {#advgb-col-4f01657c-553d-4984-b7d9-7e6c4edd9d2a>.advgb-column-inner{}}@media screen and (max-width: 767px) {#advgb-col-4f01657c-553d-4984-b7d9-7e6c4edd9d2a>.advgb-column-inner{}}#advgb-cols-bd623fef-2025-4cbe-b1f3-a855a0fab807{}@media screen and (max-width: 1023px) {#advgb-cols-bd623fef-2025-4cbe-b1f3-a855a0fab807{}}@media screen and (max-width: 767px) {#advgb-cols-bd623fef-2025-4cbe-b1f3-a855a0fab807{}}#advgb-col-3f20b457-0651-4496-8178-2c8b642c6b4c>.advgb-column-inner{}@media screen and (max-width: 1023px) {#advgb-col-3f20b457-0651-4496-8178-2c8b642c6b4c>.advgb-column-inner{}}@media screen and (max-width: 767px) {#advgb-col-3f20b457-0651-4496-8178-2c8b642c6b4c>.advgb-column-inner{}}#advgb-col-1c801432-5bea-46c1-a026-f751941ffefa>.advgb-column-inner{}@media screen and (max-width: 1023px) {#advgb-col-1c801432-5bea-46c1-a026-f751941ffefa>.advgb-column-inner{}}@media screen and (max-width: 767px) {#advgb-col-1c801432-5bea-46c1-a026-f751941ffefa>.advgb-column-inner{}}#advgb-col-c0a80288-0d96-439b-bdd3-cb34fbff3f67>.advgb-column-inner{}@media screen and (max-width: 1023px) {#advgb-col-c0a80288-0d96-439b-bdd3-cb34fbff3f67>.advgb-column-inner{}}@media screen and (max-width: 767px) {#advgb-col-c0a80288-0d96-439b-bdd3-cb34fbff3f67>.advgb-column-inner{}}#advgb-col-6913be43-4fd1-482a-8bb8-72815812acdb>.advgb-column-inner{}@media screen and (max-width: 1023px) {#advgb-col-6913be43-4fd1-482a-8bb8-72815812acdb>.advgb-column-inner{}}@media screen and (max-width: 767px) {#advgb-col-6913be43-4fd1-482a-8bb8-72815812acdb>.advgb-column-inner{}}#advgb-col-4f01657c-553d-4984-b7d9-7e6c4edd9d2a>.advgb-column-inner{}@media screen and (max-width: 1023px) {#advgb-col-4f01657c-553d-4984-b7d9-7e6c4edd9d2a>.advgb-column-inner{}}@media screen and (max-width: 767px) {#advgb-col-4f01657c-553d-4984-b7d9-7e6c4edd9d2a>.advgb-column-inner{}}<\/style>","protected":false},"excerpt":{"rendered":"<p>Thermoarena on kiiresti kasvav ja arenev puidu termilise t\u00f6\u00f6tlemisega tegelev ettev\u00f5te J\u00e4rvamaal. Toodame aastas \u00fcle 28 000 m3 termopuitu. Meie&#8230;<\/p>\n","protected":false},"author":2,"featured_media":0,"parent":0,"menu_order":20,"comment_status":"closed","ping_status":"closed","template":"","meta":{"_acf_changed":false,"_seopress_robots_primary_cat":"","_seopress_titles_title":"","_seopress_titles_desc":"","_seopress_robots_index":"","advgb_blocks_editor_width":"","advgb_blocks_columns_visual_guide":"","_monsterinsights_skip_tracking":false,"_monsterinsights_sitenote_active":false,"_monsterinsights_sitenote_note":"","_monsterinsights_sitenote_category":0,"footnotes":""},"class_list":["post-1039","page","type-page","status-publish","hentry"],"acf":[],"yoast_head":"<!-- This site is optimized with the Yoast SEO plugin v26.0 - https:\/\/yoast.com\/wordpress\/plugins\/seo\/ -->\n<title>Meist | Thermoarena<\/title>\n<meta name=\"description\" content=\"Thermoarena on kiiresti kasvav ja arenev puidu termilise t\u00f6\u00f6tlemisega tegelev ettev\u00f5te J\u00e4rvamaal. Toodame aastas \u00fcle 28 000 m3 termopuitu. Meie p\u00f5hivaldkond on v\u00e4lisviimistlus (voodrilauad ja terrassid).\" \/>\n<meta name=\"robots\" content=\"index, follow, max-snippet:-1, max-image-preview:large, max-video-preview:-1\" \/>\n<link rel=\"canonical\" href=\"https:\/\/thermoarena.com\/et\/meist\/\" \/>\n<meta property=\"og:locale\" content=\"et_EE\" \/>\n<meta property=\"og:type\" content=\"article\" \/>\n<meta property=\"og:title\" content=\"Meist | Thermoarena\" \/>\n<meta property=\"og:description\" content=\"Thermoarena on kiiresti kasvav ja arenev puidu termilise t\u00f6\u00f6tlemisega tegelev ettev\u00f5te J\u00e4rvamaal. Toodame aastas \u00fcle 28 000 m3 termopuitu. Meie p\u00f5hivaldkond on v\u00e4lisviimistlus (voodrilauad ja terrassid).\" \/>\n<meta property=\"og:url\" content=\"https:\/\/thermoarena.com\/et\/meist\/\" \/>\n<meta property=\"og:site_name\" content=\"Thermoarena\" \/>\n<meta property=\"article:modified_time\" content=\"2024-02-18T18:25:43+00:00\" \/>\n<meta property=\"og:image\" content=\"http:\/\/thermoarena.com\/wp-content\/uploads\/2021\/01\/about-us-1-1170x455.jpg\" \/>\n<meta name=\"twitter:card\" content=\"summary_large_image\" \/>\n<meta name=\"twitter:label1\" content=\"Est. reading time\" \/>\n\t<meta name=\"twitter:data1\" content=\"3 minutit\" \/>\n<script type=\"application\/ld+json\" class=\"yoast-schema-graph\">{\"@context\":\"https:\/\/schema.org\",\"@graph\":[{\"@type\":\"WebPage\",\"@id\":\"https:\/\/thermoarena.com\/et\/meist\/\",\"url\":\"https:\/\/thermoarena.com\/et\/meist\/\",\"name\":\"Meist | Thermoarena\",\"isPartOf\":{\"@id\":\"https:\/\/thermoarena.com\/#website\"},\"primaryImageOfPage\":{\"@id\":\"https:\/\/thermoarena.com\/et\/meist\/#primaryimage\"},\"image\":{\"@id\":\"https:\/\/thermoarena.com\/et\/meist\/#primaryimage\"},\"thumbnailUrl\":\"http:\/\/thermoarena.com\/wp-content\/uploads\/2021\/01\/about-us-1-1170x455.jpg\",\"datePublished\":\"2019-04-03T07:20:40+00:00\",\"dateModified\":\"2024-02-18T18:25:43+00:00\",\"description\":\"Thermoarena on kiiresti kasvav ja arenev puidu termilise t\u00f6\u00f6tlemisega tegelev ettev\u00f5te J\u00e4rvamaal. Toodame aastas \u00fcle 28 000 m3 termopuitu. Meie p\u00f5hivaldkond on v\u00e4lisviimistlus (voodrilauad ja terrassid).\",\"breadcrumb\":{\"@id\":\"https:\/\/thermoarena.com\/et\/meist\/#breadcrumb\"},\"inLanguage\":\"et\",\"potentialAction\":[{\"@type\":\"ReadAction\",\"target\":[\"https:\/\/thermoarena.com\/et\/meist\/\"]}]},{\"@type\":\"ImageObject\",\"inLanguage\":\"et\",\"@id\":\"https:\/\/thermoarena.com\/et\/meist\/#primaryimage\",\"url\":\"http:\/\/thermoarena.com\/wp-content\/uploads\/2021\/01\/about-us-1-1170x455.jpg\",\"contentUrl\":\"http:\/\/thermoarena.com\/wp-content\/uploads\/2021\/01\/about-us-1-1170x455.jpg\"},{\"@type\":\"BreadcrumbList\",\"@id\":\"https:\/\/thermoarena.com\/et\/meist\/#breadcrumb\",\"itemListElement\":[{\"@type\":\"ListItem\",\"position\":1,\"name\":\"Home\",\"item\":\"https:\/\/thermoarena.com\/et\/\"},{\"@type\":\"ListItem\",\"position\":2,\"name\":\"Meist\"}]},{\"@type\":\"WebSite\",\"@id\":\"https:\/\/thermoarena.com\/#website\",\"url\":\"https:\/\/thermoarena.com\/\",\"name\":\"Thermoarena\",\"description\":\"High quality thermowood products\",\"publisher\":{\"@id\":\"https:\/\/thermoarena.com\/#organization\"},\"potentialAction\":[{\"@type\":\"SearchAction\",\"target\":{\"@type\":\"EntryPoint\",\"urlTemplate\":\"https:\/\/thermoarena.com\/?s={search_term_string}\"},\"query-input\":{\"@type\":\"PropertyValueSpecification\",\"valueRequired\":true,\"valueName\":\"search_term_string\"}}],\"inLanguage\":\"et\"},{\"@type\":\"Organization\",\"@id\":\"https:\/\/thermoarena.com\/#organization\",\"name\":\"Thermoarena\",\"url\":\"https:\/\/thermoarena.com\/\",\"logo\":{\"@type\":\"ImageObject\",\"inLanguage\":\"et\",\"@id\":\"https:\/\/thermoarena.com\/#\/schema\/logo\/image\/\",\"url\":\"https:\/\/thermoarena.com\/wp-content\/uploads\/2021\/03\/varviline-logo.jpg\",\"contentUrl\":\"https:\/\/thermoarena.com\/wp-content\/uploads\/2021\/03\/varviline-logo.jpg\",\"width\":307,\"height\":35,\"caption\":\"Thermoarena\"},\"image\":{\"@id\":\"https:\/\/thermoarena.com\/#\/schema\/logo\/image\/\"}}]}<\/script>\n<!-- \/ Yoast SEO plugin. -->","yoast_head_json":{"title":"Meist | Thermoarena","description":"Thermoarena on kiiresti kasvav ja arenev puidu termilise t\u00f6\u00f6tlemisega tegelev ettev\u00f5te J\u00e4rvamaal. Toodame aastas \u00fcle 28 000 m3 termopuitu. Meie p\u00f5hivaldkond on v\u00e4lisviimistlus (voodrilauad ja terrassid).","robots":{"index":"index","follow":"follow","max-snippet":"max-snippet:-1","max-image-preview":"max-image-preview:large","max-video-preview":"max-video-preview:-1"},"canonical":"https:\/\/thermoarena.com\/et\/meist\/","og_locale":"et_EE","og_type":"article","og_title":"Meist | Thermoarena","og_description":"Thermoarena on kiiresti kasvav ja arenev puidu termilise t\u00f6\u00f6tlemisega tegelev ettev\u00f5te J\u00e4rvamaal. Toodame aastas \u00fcle 28 000 m3 termopuitu. Meie p\u00f5hivaldkond on v\u00e4lisviimistlus (voodrilauad ja terrassid).","og_url":"https:\/\/thermoarena.com\/et\/meist\/","og_site_name":"Thermoarena","article_modified_time":"2024-02-18T18:25:43+00:00","og_image":[{"url":"http:\/\/thermoarena.com\/wp-content\/uploads\/2021\/01\/about-us-1-1170x455.jpg","type":"","width":"","height":""}],"twitter_card":"summary_large_image","twitter_misc":{"Est. reading time":"3 minutit"},"schema":{"@context":"https:\/\/schema.org","@graph":[{"@type":"WebPage","@id":"https:\/\/thermoarena.com\/et\/meist\/","url":"https:\/\/thermoarena.com\/et\/meist\/","name":"Meist | Thermoarena","isPartOf":{"@id":"https:\/\/thermoarena.com\/#website"},"primaryImageOfPage":{"@id":"https:\/\/thermoarena.com\/et\/meist\/#primaryimage"},"image":{"@id":"https:\/\/thermoarena.com\/et\/meist\/#primaryimage"},"thumbnailUrl":"http:\/\/thermoarena.com\/wp-content\/uploads\/2021\/01\/about-us-1-1170x455.jpg","datePublished":"2019-04-03T07:20:40+00:00","dateModified":"2024-02-18T18:25:43+00:00","description":"Thermoarena on kiiresti kasvav ja arenev puidu termilise t\u00f6\u00f6tlemisega tegelev ettev\u00f5te J\u00e4rvamaal. Toodame aastas \u00fcle 28 000 m3 termopuitu. Meie p\u00f5hivaldkond on v\u00e4lisviimistlus (voodrilauad ja terrassid).","breadcrumb":{"@id":"https:\/\/thermoarena.com\/et\/meist\/#breadcrumb"},"inLanguage":"et","potentialAction":[{"@type":"ReadAction","target":["https:\/\/thermoarena.com\/et\/meist\/"]}]},{"@type":"ImageObject","inLanguage":"et","@id":"https:\/\/thermoarena.com\/et\/meist\/#primaryimage","url":"http:\/\/thermoarena.com\/wp-content\/uploads\/2021\/01\/about-us-1-1170x455.jpg","contentUrl":"http:\/\/thermoarena.com\/wp-content\/uploads\/2021\/01\/about-us-1-1170x455.jpg"},{"@type":"BreadcrumbList","@id":"https:\/\/thermoarena.com\/et\/meist\/#breadcrumb","itemListElement":[{"@type":"ListItem","position":1,"name":"Home","item":"https:\/\/thermoarena.com\/et\/"},{"@type":"ListItem","position":2,"name":"Meist"}]},{"@type":"WebSite","@id":"https:\/\/thermoarena.com\/#website","url":"https:\/\/thermoarena.com\/","name":"Thermoarena","description":"High quality thermowood products","publisher":{"@id":"https:\/\/thermoarena.com\/#organization"},"potentialAction":[{"@type":"SearchAction","target":{"@type":"EntryPoint","urlTemplate":"https:\/\/thermoarena.com\/?s={search_term_string}"},"query-input":{"@type":"PropertyValueSpecification","valueRequired":true,"valueName":"search_term_string"}}],"inLanguage":"et"},{"@type":"Organization","@id":"https:\/\/thermoarena.com\/#organization","name":"Thermoarena","url":"https:\/\/thermoarena.com\/","logo":{"@type":"ImageObject","inLanguage":"et","@id":"https:\/\/thermoarena.com\/#\/schema\/logo\/image\/","url":"https:\/\/thermoarena.com\/wp-content\/uploads\/2021\/03\/varviline-logo.jpg","contentUrl":"https:\/\/thermoarena.com\/wp-content\/uploads\/2021\/03\/varviline-logo.jpg","width":307,"height":35,"caption":"Thermoarena"},"image":{"@id":"https:\/\/thermoarena.com\/#\/schema\/logo\/image\/"}}]}},"coauthors":[],"author_meta":{"author_link":"https:\/\/thermoarena.com\/et\/author\/teliart\/","display_name":"Teliart"},"relative_dates":{"created":"Posted 7 aastat ago","modified":"Updated 2 aastat ago"},"absolute_dates":{"created":"Posted on 3. apr. 2019","modified":"Updated on 18. veebr. 2024"},"absolute_dates_time":{"created":"Posted on 3. apr. 2019 10:20","modified":"Updated on 18. veebr. 2024 08:25"},"featured_img_caption":"","featured_img":false,"series_order":"","_links":{"self":[{"href":"https:\/\/thermoarena.com\/et\/wp-json\/wp\/v2\/pages\/1039","targetHints":{"allow":["GET"]}}],"collection":[{"href":"https:\/\/thermoarena.com\/et\/wp-json\/wp\/v2\/pages"}],"about":[{"href":"https:\/\/thermoarena.com\/et\/wp-json\/wp\/v2\/types\/page"}],"author":[{"embeddable":true,"href":"https:\/\/thermoarena.com\/et\/wp-json\/wp\/v2\/users\/2"}],"replies":[{"embeddable":true,"href":"https:\/\/thermoarena.com\/et\/wp-json\/wp\/v2\/comments?post=1039"}],"version-history":[{"count":5,"href":"https:\/\/thermoarena.com\/et\/wp-json\/wp\/v2\/pages\/1039\/revisions"}],"predecessor-version":[{"id":2495,"href":"https:\/\/thermoarena.com\/et\/wp-json\/wp\/v2\/pages\/1039\/revisions\/2495"}],"wp:attachment":[{"href":"https:\/\/thermoarena.com\/et\/wp-json\/wp\/v2\/media?parent=1039"}],"curies":[{"name":"wp","href":"https:\/\/api.w.org\/{rel}","templated":true}]}}